{"id":9,"date":"2012-09-04T15:22:47","date_gmt":"2012-09-04T13:22:47","guid":{"rendered":"http:\/\/localhost\/SYMEV\/?page_id=9"},"modified":"2018-10-08T16:37:31","modified_gmt":"2018-10-08T15:37:31","slug":"histoire","status":"publish","type":"page","link":"https:\/\/symev.org\/?page_id=9","title":{"rendered":"Histoire"},"content":{"rendered":"<h1><span style=\"color: #000000;\">Un syndicat cr\u00e9\u00e9 pour relever<\/span><br \/>\n<span style=\"color: #000000;\"> les nouveaux d\u00e9fis d\u2019un m\u00e9tier de tradition<\/span><\/h1>\n<p><strong>Cr\u00e9\u00e9 pour relever les d\u00e9fis induits par la lib\u00e9ralisation de la profession de commissaires-priseurs, le Symev occupe une place singuli\u00e8re dans l&#8217;univers des ench\u00e8res. Au-del\u00e0 de la n\u00e9cessaire d\u00e9fense des int\u00e9r\u00eats\u00a0 de ses membres, il m\u00e8ne une r\u00e9flexion de fond sur le r\u00f4le des maisons de ventes volontaires dans le rayonnement du march\u00e9 fran\u00e7ais de l&#8217;art et des objets anciens.<\/strong><\/p>\n<p>Le Syndicat national des maisons de ventes volontaires est n\u00e9 dans le contexte de la r\u00e9forme du m\u00e9tier de commissaire-priseur, d\u00e9coulant la loi du 10 juillet 2000 adopt\u00e9e sous impulsion de la Commission europ\u00e9enne dans le cadre de lib\u00e9ralisation des biens et des services.<\/p>\n<h3><a href=\"http:\/\/tests.lucdelaborde.com\/smvv\/wp-content\/uploads\/2012\/09\/Les-differents-presidents-du-Symev.jpg\"><img decoding=\"async\" loading=\"lazy\" class=\"alignright wp-image-1137\" src=\"http:\/\/tests.lucdelaborde.com\/smvv\/wp-content\/uploads\/2012\/09\/Les-differents-presidents-du-Symev.jpg\" alt=\"Les differents presidents du Symev\" width=\"242\" height=\"264\" srcset=\"https:\/\/symev.org\/wp-content\/uploads\/2012\/09\/Les-differents-presidents-du-Symev.jpg 299w, https:\/\/symev.org\/wp-content\/uploads\/2012\/09\/Les-differents-presidents-du-Symev-275x300.jpg 275w\" sizes=\"(max-width: 242px) 100vw, 242px\" \/><\/a>Une organisation n\u00e9e \u00e0 la suite<br \/>\nde profondes r\u00e9formes professionnelles<\/h3>\n<p>Jusqu\u2019alors les commissaires-priseurs \u00e9taient n\u00e9cessairement des officiers minist\u00e9riels, nomm\u00e9s par l\u2019Etat et b\u00e9n\u00e9ficiant d\u2019un monopole pour l\u2019organisation de l\u2019ensemble des ventes aux ench\u00e8res que celles-ci soient judiciaires \u2013 c\u2019est-\u00e0-dire ordonn\u00e9e par la justice ou par la loi \u2013 ou volontaires. Mais \u00e0 compter de la r\u00e9forme, ces deux activit\u00e9s ont \u00e9t\u00e9 davantage distingu\u00e9es. Tandis que les ventes judiciaires restent le monopole des officiers minist\u00e9riels que sont les commissaires-priseurs judiciaires, les ventes volontaires sont,\u00a0elles, assur\u00e9es par des commissaires-priseurs de ventes volontaires exer\u00e7ant sous un mode lib\u00e9ral.<\/p>\n<h3>Un syndicat au service des maisons de ventes volontaires<\/h3>\n<p>Bien qu\u2019exer\u00e7ant un tr\u00e8s ancien m\u00e9tier dont ils ont repris les traditions, les pratiques et la d\u00e9ontologie, les commissaires-priseurs de ventes volontaires repr\u00e9sentent donc une nouvelle profession. Il \u00e9tait donc n\u00e9cessaire de leur adjoindre de nouvelles instances de r\u00e9gulation et de repr\u00e9sentation, ses membres ne pouvant \u00eatre rattach\u00e9s \u00e0 l\u2019ancienne Chambre nationale des commissaires-priseurs judiciaires.<\/p>\n<p>La loi du 10 juillet 2000 a ainsi institu\u00e9 le Conseil des ventes volontaires de meubles aux ench\u00e8res publiques (CVV). Toutefois, il s\u2019agit l\u00e0 d\u2019une autorit\u00e9 de r\u00e9gulation du march\u00e9 des ventes aux ench\u00e8res publiques et non d\u2019un organe de repr\u00e9sentation de la profession. C\u2019est pourquoi, d\u00e8s 2001, sur proposition de G\u00e9rard Champin, ancien pr\u00e9sident de la Chambre nationale des commissaires-priseurs judiciaires, les commissaires-priseurs de ventes volontaires ont d\u00e9cid\u00e9 de cr\u00e9er un syndicat qui leur soit propre, notamment en vue de repr\u00e9senter la profession aupr\u00e8s du CVV\u00a0: le Symev \u00e9tait n\u00e9\u00a0!<\/p>\n<div class=\"exergue exergue-droite\" style=\"width: 280px; \">N\u00e9 dans le ma\u00ebstrom de profondes r\u00e9formes, le Symev ne centre pas<br \/>\nson action sur la d\u00e9fense de droits acquis :<br \/>\nil privil\u00e9gie l&#8217;accompagnement<br \/>\nde ses membres dans une dynamique<br \/>\nd&#8217;adaptation aux mutations en cours sur le march\u00e9 de l&#8217;art.<\/div>\n<h3><span style=\"font-size: 16px;\"><\/span>D\u00e9fendre la profession et promouvoir les ench\u00e8res<\/h3>\n<p>Depuis 2001, le Symev a \u00e9t\u00e9 successivement pr\u00e9sid\u00e9 par Herv\u00e9 Poulain, Jean-Pierre Osenat, Herv\u00e9 Chayette et \u00e0 nouveau Jean-Pierre Osenat, \u00e0 compter de 2011. Conform\u00e9ment \u00e0 ses statuts, ce syndicat ne r\u00e9duit pas son action \u00e0 la repr\u00e9sentation de la profession aupr\u00e8s des institutions. Il d\u00e9veloppe aussi de nombreux services au profit de ses membres et s\u2019attache \u00e0 promouvoir les ventes aux ench\u00e8res aupr\u00e8s d\u2019un vaste public. Le Symev est ainsi \u00e0 l\u2019initiative des Journ\u00e9es Marteau au cours desquelles, chaque ann\u00e9e, des dizaines de salles de ventes fran\u00e7aises ouvrent grand leurs portes pour faire d\u00e9couvrir les ench\u00e8res \u00e0 de nouveaux publics, en organisant de multiples activit\u00e9s ludiques, p\u00e9dagogiques ou simplement insolites.<\/p>\n<p>Le Symev occupe donc dans l&#8217;univers des ench\u00e8res une place singuli\u00e8re puisqu&#8217;il accueille en son sein l&#8217;ensemble des commissaires-priseurs ayant cr\u00e9\u00e9 des maisons de ventes volontaires que celles-ci soient adoss\u00e9es ou non \u00e0 des \u00e9tudes judiciaires. Enfin, comme il a \u00e9t\u00e9 cr\u00e9\u00e9 dans le ma\u00ebstrom de profondes r\u00e9formes, son action n&#8217;est pas centr\u00e9e sur la d\u00e9fense de droits acquis mais plut\u00f4t sur l&#8217;accompagnement de ses membres dans une dynamique d&#8217;adaptation aux mutations en cours sur le march\u00e9 de l&#8217;art.<\/p>\n<h3>Participer \u00e0 l&#8217;essor du march\u00e9 fran\u00e7ais de l\u2019art<\/h3>\n<p>Or les d\u00e9fis ne manquent pas ! Outre les \u00e9volutions r\u00e9sultant de la loi du 20 juillet 2011 dite de\u00a0 \u201clib\u00e9ralisation des ventes aux ench\u00e8res\u201d qui assouplit encore le cadre d\u2019exercice de la profession, il faut en effet compte avec le d\u00e9veloppement exponentiel des nouvelles technologies, la mont\u00e9e en puissance des places asiatiques dans le march\u00e9 mondial de l&#8217;art, la n\u00e9cessaire pr\u00e9servation du patrimoine et le soutien aux artistes contemporains\u2026 Autant de sujets qui exigent de mener une r\u00e9flexion ouverte d\u00e9passant le cadre des seuls int\u00e9r\u00eats corporatistes. Si bien qu&#8217;au del\u00e0 de la n\u00e9cessaire d\u00e9fense des int\u00e9r\u00eats professionnels de ses membres, le Symev s&#8217;affirme comme une force de propositions au service de toutes les personnes et institutions d\u00e9sireuses de contribuer \u00e0 l&#8217;\u00e9panouissement du march\u00e9 fran\u00e7ais de l&#8217;art et des objets anciens.<\/p>\n<p>&nbsp;<\/p>\n","protected":false},"excerpt":{"rendered":"<p>Un syndicat cr\u00e9\u00e9 pour relever<br \/>\n les nouveaux d\u00e9fis d\u2019un m\u00e9tier de tradition<br \/>\nCr\u00e9\u00e9 pour relever les d\u00e9fis induits par la lib\u00e9ralisation de la profession de commissaires-priseurs, le Symev occupe une place singuli\u00e8re dans l&#8217;univers des ench\u00e8res. Au-del\u00e0 de la n\u00e9cessaire d\u00e9fense des int\u00e9r\u00eats\u00a0 de ses membres, il m\u00e8ne une r\u00e9flexion de fond sur le r\u00f4le des &nbsp;<a href=\"https:\/\/symev.org\/?page_id=9\" title=\"Histoire\">Lire la suite &rarr;<\/a><\/p>\n","protected":false},"author":1,"featured_media":716,"parent":7,"menu_order":0,"comment_status":"closed","ping_status":"closed","template":"page-sanssidebar.php","meta":[],"_links":{"self":[{"href":"https:\/\/symev.org\/index.php?rest_route=\/wp\/v2\/pages\/9"}],"collection":[{"href":"https:\/\/symev.org\/index.php?rest_route=\/wp\/v2\/pages"}],"about":[{"href":"https:\/\/symev.org\/index.php?rest_route=\/wp\/v2\/types\/page"}],"author":[{"embeddable":true,"href":"https:\/\/symev.org\/index.php?rest_route=\/wp\/v2\/users\/1"}],"replies":[{"embeddable":true,"href":"https:\/\/symev.org\/index.php?rest_route=%2Fwp%2Fv2%2Fcomments&post=9"}],"version-history":[{"count":3,"href":"https:\/\/symev.org\/index.php?rest_route=\/wp\/v2\/pages\/9\/revisions"}],"predecessor-version":[{"id":3640,"href":"https:\/\/symev.org\/index.php?rest_route=\/wp\/v2\/pages\/9\/revisions\/3640"}],"up":[{"embeddable":true,"href":"https:\/\/symev.org\/index.php?rest_route=\/wp\/v2\/pages\/7"}],"wp:featuredmedia":[{"embeddable":true,"href":"https:\/\/symev.org\/index.php?rest_route=\/wp\/v2\/media\/716"}],"wp:attachment":[{"href":"https:\/\/symev.org\/index.php?rest_route=%2Fwp%2Fv2%2Fmedia&parent=9"}],"curies":[{"name":"wp","href":"https:\/\/api.w.org\/{rel}","templated":true}]}}