{"id":603,"date":"2012-12-07T17:34:54","date_gmt":"2012-12-07T15:34:54","guid":{"rendered":"http:\/\/tests.lucdelaborde.com\/smvv\/?page_id=603"},"modified":"2026-02-13T12:24:38","modified_gmt":"2026-02-13T11:24:38","slug":"adherer-au-symev","status":"publish","type":"page","link":"https:\/\/symev.org\/?page_id=603","title":{"rendered":"Adh\u00e9rez au Symev"},"content":{"rendered":"\r\n<p>&nbsp;<\/p>\r\n\r\n<h1><span style=\"color: #000000;\">Adh\u00e9rer au Symev<\/span><br \/><span style=\"color: #000000;\">pour rejoindre un r\u00e9seau professionnel actif<\/span><\/h1>\r\n<p style=\"text-align: justify;\"><a href=\"https:\/\/symev.org\/wp-content\/uploads\/2012\/12\/EquipeSymev1.jpg\"><img decoding=\"async\" loading=\"lazy\" class=\"wp-image-1340 alignright\" src=\"https:\/\/symev.org\/wp-content\/uploads\/2012\/12\/EquipeSymev1-300x161.jpg\" alt=\"EquipeSymev\" width=\"492\" height=\"264\" srcset=\"https:\/\/symev.org\/wp-content\/uploads\/2012\/12\/EquipeSymev1-300x161.jpg 300w, https:\/\/symev.org\/wp-content\/uploads\/2012\/12\/EquipeSymev1-1024x550.jpg 1024w\" sizes=\"(max-width: 492px) 100vw, 492px\" \/><\/a><\/p>\r\n<p style=\"text-align: justify;\">L&#8217;adh\u00e9sion au Symev est ouverte \u00e0 toutes les soci\u00e9t\u00e9s de ventes volontaires (SVV).<\/p>\r\n<p style=\"text-align: justify;\">Adh\u00e9rer au Symev, c&#8217;est soutenir le syndicat charg\u00e9 de d\u00e9fendre collectivement l&#8217;activit\u00e9 de ventes volontaires alors que notre profession est confront\u00e9e \u00e0 de nombreux d\u00e9fis.<\/p>\r\n<p style=\"text-align: justify;\">C&#8217;est \u00e9galement acc\u00e9der \u00e0 de nombreux services et prestations extr\u00eamement pr\u00e9cieux dans la pratique quotidienne de notre m\u00e9tier.<\/p>\r\n<p style=\"text-align: justify;\">C&#8217;est enfin une occasion unique de nouer des liens plus \u00e9troits et fructueux avec des confr\u00e8res et cons\u0153urs d\u00e9sireux d&#8217;\u00e9changer les bonnes pratiques, de mutualiser les exp\u00e9riences et de poursuivre une r\u00e9flexion commune sur les enjeux de notre activit\u00e9.<\/p>\r\n<p style=\"text-align: justify;\">Le Symev repr\u00e9sente davantage qu&#8217;un simple syndicat. Il offre aussi la puissance d\u2019un r\u00e9seau et la fraternit\u00e9 d&#8217;une famille unie par des int\u00e9r\u00eats et une passion commune.<\/p>\r\n<hr \/>\r\n<h2>\u00a0<\/h2>\r\n<h3><span style=\"color: #a3824f;\"><br \/>Pour adh\u00e9rer au Symev, vous pouvez :<\/span><\/h3>\r\n<ul>\r\n<li>Contacter directement l&#8217;\u00e9quipe du Symev :<\/li>\r\n<\/ul>\r\n<p><strong>Symev &#8211; 15, rue Freycinet &#8211; 75116 Paris France<\/strong><br \/><strong>T\u00e9l. : +33 (0)1 45 72 67 39 &#8211; Courriel : <a href=\"contact@symev.org\">contact@symev.org<\/a><\/strong><\/p>\r\n<ul>\r\n<li><a href=\"https:\/\/symev.org\/wp-content\/uploads\/2026\/02\/Symev-Bordereau-de-cotisation-2026.pdf\">T\u00e9l\u00e9charger et renvoyer le bulletin d&#8217;adh\u00e9sion 2026<\/a> ci-dessous :<br \/><br \/><br \/><\/li>\r\n<\/ul>\r\n<a href=\"https:\/\/symev.org\/les-membres\/adherer-au-symev\/bordereau-cotisation-symev-2026\/\"><img decoding=\"async\" loading=\"lazy\" class=\"alignnone wp-image-12881\" src=\"https:\/\/symev.org\/wp-content\/uploads\/2026\/02\/Bordereau-cotisation-Symev-2026.jpg\" alt=\"\" width=\"382\" height=\"538\" srcset=\"https:\/\/symev.org\/wp-content\/uploads\/2026\/02\/Bordereau-cotisation-Symev-2026.jpg 457w, https:\/\/symev.org\/wp-content\/uploads\/2026\/02\/Bordereau-cotisation-Symev-2026-213x300.jpg 213w\" sizes=\"(max-width: 382px) 100vw, 382px\" \/><\/a>\r\n<p style=\"text-align: justify;\"><strong><span style=\"color: #333333;\"><em><br \/>\u00a0 \u00a0 \u00a0 \u2192 <\/em>La cotisation au Symev constitue une charge professionnelle. Elle est donc d\u00e9ductible fiscalement.<\/span><\/strong><\/p>\r\n<p style=\"text-align: justify;\"><span style=\"color: #333333;\"><strong>\u00a0\u00a0\u00a0\u00a0\u00a0 \u2192 Un re\u00e7u vous sera envoy\u00e9 \u00e0 compter de la r\u00e9ception de votre r\u00e8glement.<\/strong><\/span><\/p>\r\n<div style=\"padding-left: 30px;\">\r\n<h4><span style=\"color: #333333;\"><strong>\u00a0<\/strong><\/span><\/h4>\r\n<\/div>\r\n<div>\u00a0<\/div>","protected":false},"excerpt":{"rendered":"<p>&nbsp;<\/p>\n<p>Adh\u00e9rer au Symevpour rejoindre un r\u00e9seau professionnel actif<\/p>\n<p>L&#8217;adh\u00e9sion au Symev est ouverte \u00e0 toutes les soci\u00e9t\u00e9s de ventes volontaires (SVV).<br \/>\nAdh\u00e9rer au Symev, c&#8217;est soutenir le syndicat charg\u00e9 de d\u00e9fendre collectivement l&#8217;activit\u00e9 de ventes volontaires alors que notre profession est confront\u00e9e \u00e0 de nombreux d\u00e9fis.<br \/>\nC&#8217;est \u00e9galement acc\u00e9der \u00e0 de nombreux services et prestations extr\u00eamement pr\u00e9cieux dans &nbsp;<a href=\"https:\/\/symev.org\/?page_id=603\" title=\"Adh\u00e9rez au Symev\">Lire la suite &rarr;<\/a><\/p>\n","protected":false},"author":1,"featured_media":1018,"parent":501,"menu_order":0,"comment_status":"open","ping_status":"closed","template":"page-sanssidebar.php","meta":[],"_links":{"self":[{"href":"https:\/\/symev.org\/index.php?rest_route=\/wp\/v2\/pages\/603"}],"collection":[{"href":"https:\/\/symev.org\/index.php?rest_route=\/wp\/v2\/pages"}],"about":[{"href":"https:\/\/symev.org\/index.php?rest_route=\/wp\/v2\/types\/page"}],"author":[{"embeddable":true,"href":"https:\/\/symev.org\/index.php?rest_route=\/wp\/v2\/users\/1"}],"replies":[{"embeddable":true,"href":"https:\/\/symev.org\/index.php?rest_route=%2Fwp%2Fv2%2Fcomments&post=603"}],"version-history":[{"count":31,"href":"https:\/\/symev.org\/index.php?rest_route=\/wp\/v2\/pages\/603\/revisions"}],"predecessor-version":[{"id":12885,"href":"https:\/\/symev.org\/index.php?rest_route=\/wp\/v2\/pages\/603\/revisions\/12885"}],"up":[{"embeddable":true,"href":"https:\/\/symev.org\/index.php?rest_route=\/wp\/v2\/pages\/501"}],"wp:featuredmedia":[{"embeddable":true,"href":"https:\/\/symev.org\/index.php?rest_route=\/wp\/v2\/media\/1018"}],"wp:attachment":[{"href":"https:\/\/symev.org\/index.php?rest_route=%2Fwp%2Fv2%2Fmedia&parent=603"}],"curies":[{"name":"wp","href":"https:\/\/api.w.org\/{rel}","templated":true}]}}