{"id":564,"date":"2012-12-06T19:28:15","date_gmt":"2012-12-06T17:28:15","guid":{"rendered":"http:\/\/tests.lucdelaborde.com\/smvv\/?page_id=564"},"modified":"2018-10-08T15:35:55","modified_gmt":"2018-10-08T14:35:55","slug":"une-longue-tradition","status":"publish","type":"page","link":"https:\/\/symev.org\/?page_id=564","title":{"rendered":"Une longue tradition"},"content":{"rendered":"<h1><span style=\"color: #000000;\">Les ventes aux ench\u00e8res :<\/span><br \/>\n<span style=\"color: #000000;\"> une tradition ancienne et bien vivante !<\/span><\/h1>\n<p><strong><a href=\"https:\/\/symev.org\/wp-content\/uploads\/2012\/12\/EmpereurAuguste1.jpg\"><img decoding=\"async\" loading=\"lazy\" class=\"alignright size-medium wp-image-1322\" src=\"https:\/\/symev.org\/wp-content\/uploads\/2012\/12\/EmpereurAuguste1-300x254.jpg\" alt=\"EmpereurAuguste\" width=\"300\" height=\"254\" srcset=\"https:\/\/symev.org\/wp-content\/uploads\/2012\/12\/EmpereurAuguste1-300x254.jpg 300w, https:\/\/symev.org\/wp-content\/uploads\/2012\/12\/EmpereurAuguste1.jpg 400w\" sizes=\"(max-width: 300px) 100vw, 300px\" \/><\/a>Pratiqu\u00e9es d\u00e8s l&#8217;antiquit\u00e9 romaine, les ventes aux ench\u00e8res connaitront un succ\u00e8s jamais d\u00e9menti en permettant une confrontation transparente et publique de l\u2019offre et de la demande.<br \/>\n<\/strong><br \/>\nLes commissaires-priseurs font g\u00e9n\u00e9ralement remonter les origines de leur m\u00e9tier \u00e0 un \u00e9dit d\u2019Henri II de France, instituant, en 1556, les offices de \u00ab\u00a0ma\u00eetres priseurs-vendeurs\u00a0\u00bb.<\/p>\n<h3>Une pratique remontant<br \/>\n\u00e0 l&#8217;antiquit\u00e9 romaine<\/h3>\n<p>Toutefois, la pratique des ench\u00e8res publiques est plus ancienne encore. Il est ainsi attest\u00e9 qu\u2019en 146 av. J.-C., les Romains mirent aux ench\u00e8res des biens pill\u00e9s dans les cit\u00e9s grecques qu\u2019ils avaient d\u00e9faites et qu\u2019en l\u2019an 7, l\u2019empereur Auguste (ci-contre) entreprit de r\u00e9glementer cette activit\u00e9 en instituant notamment une taxe de 1 % sur ces ventes de mobiliers et d\u2019objets.<\/p>\n<p>Comme le rappelle le Conseil des ventes volontaires, d\u00e8s cette lointaine \u00e9poque, le d\u00e9roulement des ench\u00e8res se produit selon un rituel bien formalis\u00e9 et ob\u00e9it \u00e0 des r\u00e8gles pr\u00e9cises : <em>\u00ab Elles \u00e9taient pr\u00e9c\u00e9d\u00e9es de publicit\u00e9 par affiches ou annonces verbales faites par le <\/em>praeco<em>, le crieur ; donnaient lieu \u00e0 la r\u00e9daction d&#8217;un cahier des charges, appel\u00e9 <\/em>lex bonorum vedendorum<em>. Elles avaient lieu par l&#8217;interm\u00e9diaire d&#8217;un officier public, le <\/em>magister<em> et d&#8217;officiers publics interm\u00e9diaires, les <\/em>auctionatores<em>. Les<\/em> auctionatores<em> r\u00e9alisaient les ventes aux ench\u00e8res \u00e0 l&#8217;aide du crieur, le <\/em>praeco<em>, dans la salle de vente appel\u00e9e <\/em>atrium auctionarium<em>. \u00bb<\/em><\/p>\n<p><em><div class=\"exergue exergue-droite\" style=\"width: 280px; \">Les commissaires-priseurs<br \/>\nde ventes volontaires<br \/>\ns\u2019estiment \u00e0 bon droit d\u00e9positaires<br \/>\ndes traditions,des pratiques<br \/>\net de la d\u00e9ontologie qui caract\u00e9risent<br \/>\nla profession dans son ensemble.<\/div> <\/em><\/p>\n<p>Preuve que la profession trouve l\u00e0 ses lointaines racines, nombre de ces termes latins sont encore utilis\u00e9s aujourd&#8217;hui. Ainsi, les commissaires-priseurs anglo-saxons r\u00e9pondent au nom d&#8217;\u00ab\u00a0auctioneers\u00a0\u00bb tandis que les Fran\u00e7ais se font appeler <em>\u00ab\u00a0ma\u00eetre\u00a0\u00bb<\/em>.<\/p>\n<h3>Un souci constant<br \/>\nde r\u00e9glementation et d&#8217;innovation<\/h3>\n<p>Apr\u00e8s la chute de l\u2019Empire, il faut toutefois attendre 1254 pour voir r\u00e9apparaitre la profession \u00e0 la faveur d\u2019une ordonnance instituant les \u00ab\u00a0sergents \u00e0 verge et \u00e0 cheval\u00a0\u00bb charg\u00e9s d\u2019assurer l\u2019ex\u00e9cution des ventes judiciaires. Quant aux ventes volontaires, il est vrai que leur r\u00e9glementation date de 1556 et du fameux d\u00e9cret d\u2019Henri II. <a href=\"https:\/\/symev.org\/wp-content\/uploads\/2012\/12\/hist_hotel1.jpg\"><img decoding=\"async\" class=\"alignright wp-image-1324\" src=\"https:\/\/symev.org\/wp-content\/uploads\/2012\/12\/hist_hotel1.jpg\" alt=\"hist_hotel\" width=\"280\" srcset=\"https:\/\/symev.org\/wp-content\/uploads\/2012\/12\/hist_hotel1.jpg 350w, https:\/\/symev.org\/wp-content\/uploads\/2012\/12\/hist_hotel1-300x211.jpg 300w\" sizes=\"(max-width: 350px) 100vw, 350px\" \/><\/a>Cette activit\u00e9 conna\u00eet d\u00e8s lors un d\u00e9veloppement remarquable. Sous Louis XIV on ne compte pas moins de 120 commissaires-priseurs dans la seule ville de Paris. Bien en phase avec leur temps, ils se signalent par leur go\u00fbt pour l\u2019innovation\u00a0: le premier catalogue de vente illustr\u00e9 pr\u00e9sente quelque 290 tableaux et estampes, para\u00eet en 1699 peu avant que les commissaires-priseurs ne commencent \u00e0 s\u2019adjoindre les services d\u2019experts et d\u2019historiens de l\u2019art.<br \/>\nApr\u00e8s la p\u00e9riode r\u00e9volutionnaire qui laisse l\u2019activit\u00e9 sans aucune r\u00e9glementation, le Premier Consul Bonaparte exerce en la mati\u00e8re aussi ses talents de l\u00e9gislateur en r\u00e9tablissant la fonction en 1801. Au cours du XIXe si\u00e8cle, le principal apport concerne toutefois la distinction op\u00e9r\u00e9e, d\u2019une part, entre les biens neufs et biens d&#8217;occasions et d\u2019autre part entre les ventes judiciaires et les ventes volontaires.<\/p>\n<h3>Des traditions<br \/>\net une d\u00e9ontologie bien vivantes<\/h3>\n<p><a href=\"https:\/\/symev.org\/wp-content\/uploads\/2012\/12\/Encheres-Leclere-4-verticale.jpg\"><img decoding=\"async\" loading=\"lazy\" class=\" wp-image-1270 alignleft\" src=\"https:\/\/symev.org\/wp-content\/uploads\/2012\/12\/Encheres-Leclere-4-verticale.jpg\" alt=\"Encheres Leclere 4 verticale\" width=\"199\" height=\"298\" srcset=\"https:\/\/symev.org\/wp-content\/uploads\/2012\/12\/Encheres-Leclere-4-verticale.jpg 331w, https:\/\/symev.org\/wp-content\/uploads\/2012\/12\/Encheres-Leclere-4-verticale-200x300.jpg 200w\" sizes=\"(max-width: 199px) 100vw, 199px\" \/><\/a>Il faudra cependant attendre les lois du 10 juillet 2000 et du 20 juillet 2011, adopt\u00e9es sous impulsion de l&#8217;Union europ\u00e9enne, pour que cette ancienne distinction d\u2019activit\u00e9 ne d\u00e9bouche sur une distinction formelle entre les professions de commissaires-priseurs judiciaires et de commissaires-priseurs de ventes volontaires.<\/p>\n<p>Toutefois, si les p\u00e9rim\u00e8tres des deux professions maintenant sont bel et bien distincts, la rupture n\u2019est pas compl\u00e8te, loin s&#8217;en faut ! D\u2019une part parce que nombre de commissaires-priseurs judiciaires continuent de diriger, comme la loi le leur permet, des ventes volontaires en cr\u00e9ant des soci\u00e9t\u00e9s d\u00e9di\u00e9es \u00e0 cette activit\u00e9.\u00a0 D\u2019autre part parce que les commissaires-priseurs de ventes volontaires s\u2019estiment \u00e0 bon droit d\u00e9positaires des traditions, des pratiques et de la d\u00e9ontologie qui caract\u00e9risent la profession dans son ensemble.<\/p>\n<p><strong>Pour aller plus loin :<br \/>\n<\/strong><em>Petite histoire des ventes aux ench\u00e8res, <\/em>publi\u00e9e par le Conseil des ventes volontaires.<em><br \/>\n<\/em>Article<em> <a href=\"http:\/\/fr.wikipedia.org\/wiki\/Commissaire-priseur\" target=\"_blank\" rel=\"noopener\">Commissaire-priseur<\/a> <\/em>de Wikipepia.<em><br \/>\n<\/em><\/p>\n<p>&nbsp;<\/p>\n","protected":false},"excerpt":{"rendered":"<p>Les ventes aux ench\u00e8res :<br \/>\n une tradition ancienne et bien vivante !<br \/>\nPratiqu\u00e9es d\u00e8s l&#8217;antiquit\u00e9 romaine, les ventes aux ench\u00e8res connaitront un succ\u00e8s jamais d\u00e9menti en permettant une confrontation transparente et publique de l\u2019offre et de la demande.<\/p>\n<p>Les commissaires-priseurs font g\u00e9n\u00e9ralement remonter les origines de leur m\u00e9tier \u00e0 un \u00e9dit d\u2019Henri II de France, instituant, en &nbsp;<a href=\"https:\/\/symev.org\/?page_id=564\" title=\"Une longue tradition\">Lire la suite &rarr;<\/a><\/p>\n","protected":false},"author":1,"featured_media":670,"parent":17,"menu_order":0,"comment_status":"open","ping_status":"open","template":"page-sanssidebar.php","meta":[],"_links":{"self":[{"href":"https:\/\/symev.org\/index.php?rest_route=\/wp\/v2\/pages\/564"}],"collection":[{"href":"https:\/\/symev.org\/index.php?rest_route=\/wp\/v2\/pages"}],"about":[{"href":"https:\/\/symev.org\/index.php?rest_route=\/wp\/v2\/types\/page"}],"author":[{"embeddable":true,"href":"https:\/\/symev.org\/index.php?rest_route=\/wp\/v2\/users\/1"}],"replies":[{"embeddable":true,"href":"https:\/\/symev.org\/index.php?rest_route=%2Fwp%2Fv2%2Fcomments&post=564"}],"version-history":[{"count":4,"href":"https:\/\/symev.org\/index.php?rest_route=\/wp\/v2\/pages\/564\/revisions"}],"predecessor-version":[{"id":3608,"href":"https:\/\/symev.org\/index.php?rest_route=\/wp\/v2\/pages\/564\/revisions\/3608"}],"up":[{"embeddable":true,"href":"https:\/\/symev.org\/index.php?rest_route=\/wp\/v2\/pages\/17"}],"wp:featuredmedia":[{"embeddable":true,"href":"https:\/\/symev.org\/index.php?rest_route=\/wp\/v2\/media\/670"}],"wp:attachment":[{"href":"https:\/\/symev.org\/index.php?rest_route=%2Fwp%2Fv2%2Fmedia&parent=564"}],"curies":[{"name":"wp","href":"https:\/\/api.w.org\/{rel}","templated":true}]}}