{"id":47,"date":"2012-09-04T15:46:38","date_gmt":"2012-09-04T13:46:38","guid":{"rendered":"http:\/\/localhost\/SYMEV\/?page_id=47"},"modified":"2020-01-21T15:33:23","modified_gmt":"2020-01-21T14:33:23","slug":"contact","status":"publish","type":"page","link":"https:\/\/symev.org\/?page_id=47","title":{"rendered":"Contact"},"content":{"rendered":"<h1><span style=\"color: #000000;\">Contact presse et professionnels\u00a0 :<\/span><\/h1>\n<p style=\"text-align: justify;\">R\u00e9pondre rapidement \u00e0 vos requ\u00eates fait partie des objectifs du Symev.<\/p>\n<p style=\"text-align: justify;\">Tout adh\u00e9rent, professionnel du march\u00e9 de l&#8217;art ou journaliste peut ainsi contacter directement le si\u00e8ge du Symev par t\u00e9l\u00e9phone ou par courriel pour poser une question, demander une assistance ou un conseil.<\/p>\n<p style=\"text-align: justify;\">Une permanence y est assur\u00e9e chaque jour. Parfaitement au fait des enjeux et d\u00e9fis que doivent relever les commissaires-priseurs, le Symev centralise toutes les demandes. Il saura vous r\u00e9pondre directement ou vous aiguiller \u00e0 coup s\u00fbr vers la bonne personne.<\/p>\n<p><strong><br \/>\nSYMEV :<br \/>\n<\/strong>15, rue Freycinet &#8211; 75116 Paris<br \/>\nT\u00e9l. : 01 45 72 67 39<br \/>\nCourriel : contact@symev.org<\/p>\n","protected":false},"excerpt":{"rendered":"<p>Contact presse et professionnels\u00a0 :<br \/>\nR\u00e9pondre rapidement \u00e0 vos requ\u00eates fait partie des objectifs du Symev.<br \/>\nTout adh\u00e9rent, professionnel du march\u00e9 de l&#8217;art ou journaliste peut ainsi contacter directement le si\u00e8ge du Symev par t\u00e9l\u00e9phone ou par courriel pour poser une question, demander une assistance ou un conseil.<br \/>\nUne permanence y est assur\u00e9e chaque jour. Parfaitement au fait &nbsp;<a href=\"https:\/\/symev.org\/?page_id=47\" title=\"Contact\">Lire la suite &rarr;<\/a><\/p>\n","protected":false},"author":1,"featured_media":1090,"parent":39,"menu_order":0,"comment_status":"closed","ping_status":"closed","template":"page-sanssidebar.php","meta":[],"_links":{"self":[{"href":"https:\/\/symev.org\/index.php?rest_route=\/wp\/v2\/pages\/47"}],"collection":[{"href":"https:\/\/symev.org\/index.php?rest_route=\/wp\/v2\/pages"}],"about":[{"href":"https:\/\/symev.org\/index.php?rest_route=\/wp\/v2\/types\/page"}],"author":[{"embeddable":true,"href":"https:\/\/symev.org\/index.php?rest_route=\/wp\/v2\/users\/1"}],"replies":[{"embeddable":true,"href":"https:\/\/symev.org\/index.php?rest_route=%2Fwp%2Fv2%2Fcomments&post=47"}],"version-history":[{"count":3,"href":"https:\/\/symev.org\/index.php?rest_route=\/wp\/v2\/pages\/47\/revisions"}],"predecessor-version":[{"id":6003,"href":"https:\/\/symev.org\/index.php?rest_route=\/wp\/v2\/pages\/47\/revisions\/6003"}],"up":[{"embeddable":true,"href":"https:\/\/symev.org\/index.php?rest_route=\/wp\/v2\/pages\/39"}],"wp:featuredmedia":[{"embeddable":true,"href":"https:\/\/symev.org\/index.php?rest_route=\/wp\/v2\/media\/1090"}],"wp:attachment":[{"href":"https:\/\/symev.org\/index.php?rest_route=%2Fwp%2Fv2%2Fmedia&parent=47"}],"curies":[{"name":"wp","href":"https:\/\/api.w.org\/{rel}","templated":true}]}}