{"id":359,"date":"2012-11-01T20:14:31","date_gmt":"2012-11-01T18:14:31","guid":{"rendered":"http:\/\/tests.lucdelaborde.com\/smvv\/?page_id=359"},"modified":"2018-10-08T15:42:17","modified_gmt":"2018-10-08T14:42:17","slug":"un-metier-actuel","status":"publish","type":"page","link":"https:\/\/symev.org\/?page_id=359","title":{"rendered":"Un m\u00e9tier actuel"},"content":{"rendered":"<h1><span style=\"color: #000000;\">Six tendances sociales favorisant<\/span><br \/>\n<span style=\"color: #000000;\"> l\u2019essor des maisons de ventes volontaires<\/span><\/h1>\n<p><strong>Les ventes aux ench\u00e8res apportent des r\u00e9ponses convaincantes \u00e0 de nombreuses aspirations sociales embl\u00e9matiques de la post-modernit\u00e9.<\/strong><\/p>\n<p>&nbsp;<\/p>\n<h3><\/h3>\n<h3><a href=\"https:\/\/symev.org\/wp-content\/uploads\/2012\/11\/\u00a9-Sandrine-Boyer-Artcurial-expertise.jpg\"><img decoding=\"async\" loading=\"lazy\" class=\"wp-image-1208 alignleft\" src=\"https:\/\/symev.org\/wp-content\/uploads\/2012\/11\/\u00a9-Sandrine-Boyer-Artcurial-expertise.jpg\" alt=\"\u00a9 Sandrine-Boyer-Artcurial - expertise\" width=\"203\" height=\"135\" srcset=\"https:\/\/symev.org\/wp-content\/uploads\/2012\/11\/\u00a9-Sandrine-Boyer-Artcurial-expertise.jpg 472w, https:\/\/symev.org\/wp-content\/uploads\/2012\/11\/\u00a9-Sandrine-Boyer-Artcurial-expertise-300x199.jpg 300w\" sizes=\"(max-width: 203px) 100vw, 203px\" \/><\/a>1. Le besoin de confiance<\/h3>\n<p>Nos soci\u00e9t\u00e9s traversent une grave crise de confiance qui s\u2019est consid\u00e9rablement approfondie avec la crise \u00e9conomique actuelle. Les d\u00e9rives constat\u00e9es dans la sph\u00e8re financi\u00e8re ont en effet accentu\u00e9 le sentiment d\u2019incompr\u00e9hension voire de suspicion quant au fonctionnement g\u00e9n\u00e9ral des transactions \u00e9conomiques et commerciales.<div class=\"exergue exergue-droite\" style=\"width: 280px; \">\u201cLe march\u00e9 de l\u2019art et de l\u2019antiquit\u00e9<br \/>\nob\u00e9it \u00e0 des r\u00e8gles sp\u00e9cifiques et subtiles.<br \/>\nA<em>cheteurs, vendeurs, amateurs<br \/>\net collectionneurs doivent pouvoir<br \/>\nse tourner vers des interm\u00e9diaires<br \/>\nde confiance capables d\u2019assurer<br \/>\nune transaction au juste prix.<\/em><\/div><br \/>\nLe march\u00e9 de l\u2019art et de l\u2019antiquit\u00e9 \u00e9chappe d\u2019autant moins \u00e0 ce climat que son fonctionnement ob\u00e9it \u00e0 des r\u00e8gles sp\u00e9cifiques et subtiles souvent difficiles \u00e0 appr\u00e9hender pour le grand public. En effet, comme le soulignent les \u00e9conomistes Nathalie Moreau et Dominique Sagot-Duvauroux <em>\u201csi la qualit\u00e9 d\u2019un bien de consommation courante peut \u00eatre objectiv\u00e9e \u00e0 partir de ses caract\u00e9ristiques physiques et fonctionnelles, une telle m\u00e9thode est bien s\u00fbr inop\u00e9rante s\u2019agissant d&#8217;\u0153uvres d\u2019art\u201d<\/em> (1).<\/p>\n<p>D\u00e8s lors, acheteurs, vendeurs, amateurs et collectionneurs doivent pouvoir se tourner vers des interm\u00e9diaires de confiance capables d\u2019assurer une transaction au juste prix. Tel est le r\u00f4le essentiel des commissaires-priseurs. Forts de leur tradition, de leur exp\u00e9rience, de leur expertise et de leur d\u00e9ontologie, ils s\u2019imposent comme des <em>\u201cdiffuseurs de confiance\u201d<\/em> capables d\u2019assurer la lisibilit\u00e9, la fluidit\u00e9 et la transparence n\u00e9cessaire au bon fonctionnement du march\u00e9 de l\u2019art et des objets anciens.<\/p>\n<p>&nbsp;<\/p>\n<h3><a href=\"https:\/\/symev.org\/wp-content\/uploads\/2012\/11\/ExpoValerieBouvierSymev1.jpg\"><img decoding=\"async\" class=\"wp-image-1330 alignleft\" src=\"https:\/\/symev.org\/wp-content\/uploads\/2012\/11\/ExpoValerieBouvierSymev1-300x225.jpg\" alt=\"ExpoValerieBouvierSymev1\" width=\"209\" srcset=\"https:\/\/symev.org\/wp-content\/uploads\/2012\/11\/ExpoValerieBouvierSymev1-300x225.jpg 300w, https:\/\/symev.org\/wp-content\/uploads\/2012\/11\/ExpoValerieBouvierSymev1-1024x768.jpg 1024w, https:\/\/symev.org\/wp-content\/uploads\/2012\/11\/ExpoValerieBouvierSymev1.jpg 2048w\" sizes=\"(max-width: 300px) 100vw, 300px\" \/><\/a>2. Le d\u00e9sir d\u2019objets durables<\/h3>\n<p><div class=\"exergue exergue-droite\" style=\"width: 280px; \">Ec\u0153ur\u00e9s par la fr\u00e9n\u00e9sie de consommation<br \/>\net le \u201ctout jetable\u201d, nos contemporains<br \/>\nrefusent d\u00e9sormais ce gaspillage.<br \/>\nPartisans du \u201cd\u00e9veloppement durable\u201d,<br \/>\nils souhaitent tout naturellement<\/p>\n<p>poss\u00e9der des objets durables.<\/div>La soci\u00e9t\u00e9 de consommation a d\u00e9bouch\u00e9 sur une soci\u00e9t\u00e9 du \u201ctout jetable\u201d. D\u2019une part, un nombre croissant de produits sont con\u00e7us pour un usage unique ou presque : rasoirs, briquets, nappes, serviettes, assiettes, etc. D\u2019autre part, le cycle de vie de biens d\u2019\u00e9quipement plus cons\u00e9quents comme les meubles ou l\u2019\u00e9lectrom\u00e9nager se r\u00e9duit de plus en plus.<br \/>\nMais comme toute tendance, celle-ci cr\u00e9e son contraire. \u201cTourn\u00e9e vers le futur et v\u00e9ritable pulsion vers l&#8217;avenir, la modernit\u00e9 fut aussi un processus de massification. En revanche, la postmodernit\u00e9 se trouve marqu\u00e9e par un retour \u00e0 l&#8217;archa\u00efsme, aux tribus, un attachement au pass\u00e9, au d\u00e9pass\u00e9, au fondamental. Cela se manifeste notamment par une fa\u00e7on de s&#8217;habiller et de se meubler\u201d, observe le sociologue Michel Maffesoli (2).<\/p>\n<p>Ec\u0153ur\u00e9s par la fr\u00e9n\u00e9sie de consommation r\u00e9sultant de cet \u00e9tourdissant besoin de neuf, nombre de nos contemporains refusent d\u00e9sormais ce gaspillage. Partisans du \u201cd\u00e9veloppement durable\u201d, ils souhaitent tout naturellement poss\u00e9der des objets durables. En remettant en circulation des objets anciens exclus des circuits de distribution classiques, en leur redonnant vie, en les valorisant, en permettant \u00e0 nouveau leur usage, les salles des ventes r\u00e9pondent aussi \u00e0 cette profonde aspiration contemporaine au \u201cqualitatif\u201d et au \u201cdurable\u201d.<\/p>\n<p>&nbsp;<\/p>\n<h3><a href=\"https:\/\/symev.org\/wp-content\/uploads\/2012\/11\/salle-des-ventes-mercier-21.jpg\"><img decoding=\"async\" class=\"wp-image-1332 alignleft\" src=\"https:\/\/symev.org\/wp-content\/uploads\/2012\/11\/salle-des-ventes-mercier-21-300x200.jpg\" alt=\"salle-des-ventes-mercier-2\" width=\"238\" srcset=\"https:\/\/symev.org\/wp-content\/uploads\/2012\/11\/salle-des-ventes-mercier-21-300x200.jpg 300w, https:\/\/symev.org\/wp-content\/uploads\/2012\/11\/salle-des-ventes-mercier-21-1024x682.jpg 1024w\" sizes=\"(max-width: 300px) 100vw, 300px\" \/><\/a>3. Le go\u00fbt du singulier<\/h3>\n<p><div class=\"exergue exergue-droite\" style=\"width: 280px; \">Nos contemporains d\u00e9sirent acqu\u00e9rir<br \/>\ndes objets plus authentiques : des \u0153uvres<br \/>\nde cr\u00e9ateurs, d\u2019artisans, de designers<br \/>\nou m\u00eame de simples objets manufactur\u00e9s<br \/>\ndevenus rares avec le temps. V\u00e9ritables<br \/>\ncavernes d\u2019Ali Baba, les salles de ventes<br \/>\nsont le terrain privil\u00e9gi\u00e9 de cette qu\u00eate<\/p>\n<p>de singularit\u00e9.<\/div>Apr\u00e8s l\u2019\u00e8re industrielle, marqu\u00e9e par l\u2019uniformisation et la standardisation, des modes de vie et de consommation, nos contemporains souhaitent \u00e0 nouveau se distinguer et affirmer leur singularit\u00e9. Comme l\u2019\u00e9crit le sociologue Michel Maffesoli, <em>\u201cla modernit\u00e9, c\u2019\u00e9tait l\u2019unit\u00e9, l\u2019unification, l\u2019homme rationalis\u00e9. Depuis quelques d\u00e9cennies, un autre cycle commence, celui de la postmodernit\u00e9, bas\u00e9 sur l\u2019h\u00e9t\u00e9rog\u00e9n\u00e9it\u00e9 des personnes et des situations, la fragmentation, la multiplicit\u00e9 des appartenances, la vie comme cr\u00e9ation\u201d<\/em> (3).<\/p>\n<p>D\u00e9sireux de sortir du moule, les individus sont \u00e9galement \u00e0 la recherche d\u2019objets uniques. Si l\u2019industrie tente de r\u00e9pondre \u00e0 ce besoin en offrant de nouveaux objets <em>\u201ccustomisables\u201d<\/em> ou personnalisables, ces artifices sont loin de rassasier ce d\u00e9sir de singularit\u00e9. Nos contemporains d\u00e9sirent acqu\u00e9rir des objets plus authentiques : des \u0153uvres de cr\u00e9ateurs, d\u2019artisans, de designers ou m\u00eame de simples objets manufactur\u00e9s devenus rares avec le temps.<br \/>\nV\u00e9ritables cavernes d\u2019Ali Baba, les salles de ventes sont le terrain privil\u00e9gi\u00e9 de cette qu\u00eate de singularit\u00e9. En pr\u00e9sentant \u00e0 la vente une foule d\u2019objets d\u00e9cal\u00e9s, r\u00e9form\u00e9s ou d\u00e9suets, elles s\u2019affirment, en r\u00e9alit\u00e9 r\u00e9solument (post)modernes, c\u2019est-\u00e0-dire\u2026 contemporaines !<\/p>\n<p>&nbsp;<\/p>\n<h3><a href=\"https:\/\/symev.org\/wp-content\/uploads\/2012\/11\/\u00a9-Valerie-Bouvier-Exposition-salle-de-ventes-reduite.jpg\"><img decoding=\"async\" loading=\"lazy\" class=\"wp-image-1278 alignleft\" src=\"https:\/\/symev.org\/wp-content\/uploads\/2012\/11\/\u00a9-Valerie-Bouvier-Exposition-salle-de-ventes-reduite.jpg\" alt=\"\u00a9 Valerie Bouvier - Exposition salle de ventes (reduite)\" width=\"298\" height=\"198\" srcset=\"https:\/\/symev.org\/wp-content\/uploads\/2012\/11\/\u00a9-Valerie-Bouvier-Exposition-salle-de-ventes-reduite.jpg 709w, https:\/\/symev.org\/wp-content\/uploads\/2012\/11\/\u00a9-Valerie-Bouvier-Exposition-salle-de-ventes-reduite-300x199.jpg 300w\" sizes=\"(max-width: 298px) 100vw, 298px\" \/><\/a>4. La qu\u00eate de sens<\/h3>\n<p><div class=\"exergue exergue-droite\" style=\"width: 280px; \">Plong\u00e9 dans un monde o\u00f9 tout se veut<br \/>\n\u00e9ph\u00e9m\u00e8re, p\u00e9rissable et interchangeable<br \/>\n&#8211; les objets comme les sentiments &#8211;<br \/>\nl&#8217;homme contemporain ressent<br \/>\nde plus en plus commun\u00e9ment le besoin<br \/>\nde redonner du sens et de la profondeur<br \/>\naux choses. Or, telle est aussi la fonction<\/p>\n<p>du commissaire-priseur.<\/div>L\u2019homme contemporain souffre souvent d\u2019une singuli\u00e8re absence de rep\u00e8res. Proclam\u00e9 libre mais incit\u00e9 \u00e0 vivre dans l\u2019instant et soumis \u00e0 un rythme de vie fr\u00e9quemment tr\u00e9pidant, il a le sentiment de manquer de rep\u00e8res. Plong\u00e9 dans un monde o\u00f9 tout se veut \u00e9ph\u00e9m\u00e8re, p\u00e9rissable et interchangeable &#8211; les objets comme les sentiments &#8211; il ressent de plus en plus commun\u00e9ment le besoin de redonner du sens et de la profondeur aux choses.<\/p>\n<p>Or, telle est aussi la fonction du commissaire-priseur. Gr\u00e2ce \u00e0 leur solennit\u00e9, les ventes aux ench\u00e8res ne sont pas seulement des instants uniques. Elles sont aussi l\u2019occasion de d\u00e9velopper une v\u00e9ritable narration. Lorsqu\u2019on lui pr\u00e9sente un objet, un commissaire-priseur ne se contente \u00e9videmment pas de dire <em>\u201ccela vaut 100, 500 ou 5.000 euros\u201d<\/em>. Il explique cette valeur, met l\u2019objet en perspective, l&#8217;inscrit dans un lieu, un contexte et une histoire.<br \/>\nComme l\u2019\u00e9crit le journaliste sp\u00e9cialiste de la mode et du design Pierre L\u00e9onfort\u00e9 \u00e0 propos de la vogue pour le <em>\u201cvintage\u201d<\/em>, <em>\u201cces objets s&#8217;inscrivent dans l&#8217;\u00e9poque comme les maillons d&#8217;une longue cha\u00eene affective, au m\u00eame titre que les meubles h\u00e9rit\u00e9s de nos grands-parents\u201d<\/em> (4). En salle des ventes, les acheteurs acqui\u00e8rent donc aussi des <em>\u201cobjets jalons\u201d<\/em> qui permettent \u00e0 chacun de se situer dans le temps et l\u2019espace.<\/p>\n<p>&nbsp;<\/p>\n<h3>5. Le besoin de coop\u00e9ration public-priv\u00e9<\/h3>\n<p><div class=\"exergue exergue-droite\" style=\"width: 280px; \">V\u00e9ritables ponts entre la sph\u00e8re marchande<br \/>\net la sph\u00e8re artistique, les commissaires-<br \/>\npriseurs savent depuis toujours<br \/>\nque le dynamisme artistique et culturel<br \/>\nd\u00e9pend d\u2019un \u00e9cosyst\u00e8me complexe<br \/>\no\u00f9 les agents \u00e9conomiques priv\u00e9s<\/p>\n<p>jouent \u00e9galement un r\u00f4le crucial.<\/div>Dans le monde de l\u2019art aussi la crise rebat les cartes et fait bouger les lignes. Dans le contexte de la rigueur et des restrictions budg\u00e9taires, le secteur public se soucie davantage de rentabilit\u00e9 tandis que le priv\u00e9 s\u2019attache de plus en plus au non-\u00e9conomique. Les uns cherchent de nouvelles sources de financement. Les autres cherchent des r\u00e9ponses \u00e0 la crise de sens.<\/p>\n<p>Cela ne peut, bien s\u00fbr que doper les occasions de partenariat, de m\u00e9c\u00e9nat et de sponsoring. Une tendance \u00e9galement constat\u00e9e par le cabinet Kurt Salmon :\u00a0 <em>\u201cL\u2019\u00c9tat demande maintenant aux gestionnaires d\u2019\u00e9tablissements publics de trouver des solutions d\u2019autonomie financi\u00e8re, les contraint \u00e0 s\u2019interroger sur leur capacit\u00e9 \u00e0 coop\u00e9rer avec le priv\u00e9. La crise va n\u00e9cessairement accro\u00eetre ce type de partenariats crois\u00e9s\u201d<\/em> (5).<br \/>\nDe la sorte, les mondes \u00e9conomiques et artistiques sont amen\u00e9s \u00e0 se rapprocher, se rencontrer et \u00e0 d\u00e9finir de nouvelles relations. Dans ce mouvement, les commissaires-priseurs, \u00e0 la fois chefs d\u2019entreprises et amateurs d\u2019art occupent une position strat\u00e9gique. V\u00e9ritables ponts entre la sph\u00e8re marchande et la sph\u00e8re artistique, ils savent depuis toujours que le dynamisme artistique et culturel d\u00e9pend d\u2019un \u00e9cosyst\u00e8me complexe o\u00f9 les agents \u00e9conomiques priv\u00e9s jouent \u00e9galement un r\u00f4le crucial.<\/p>\n<p>&nbsp;<\/p>\n<h3><a href=\"https:\/\/symev.org\/wp-content\/uploads\/2012\/11\/DL-Marseille-20131.jpg\"><img decoding=\"async\" loading=\"lazy\" class=\"size-medium wp-image-1333 alignleft\" src=\"https:\/\/symev.org\/wp-content\/uploads\/2012\/11\/DL-Marseille-20131-300x198.jpg\" alt=\"DL-Marseille-2013\" width=\"300\" height=\"198\" srcset=\"https:\/\/symev.org\/wp-content\/uploads\/2012\/11\/DL-Marseille-20131-300x198.jpg 300w, https:\/\/symev.org\/wp-content\/uploads\/2012\/11\/DL-Marseille-20131-1024x677.jpg 1024w, https:\/\/symev.org\/wp-content\/uploads\/2012\/11\/DL-Marseille-20131.jpg 1181w\" sizes=\"(max-width: 300px) 100vw, 300px\" \/><\/a><\/h3>\n<h3>6. L&#8217;envie de culture pr\u00e8s de chez soi<\/h3>\n<p><div class=\"exergue exergue-droite\" style=\"width: 280px; \">Pr\u00e9sents dans tous les d\u00e9partements,<br \/>\nles commissaires-priseurs assurent<br \/>\nun maillage artistique sans \u00e9quivalent<br \/>\ndes territoires. Gr\u00e2ce \u00e0 leur connaissance<br \/>\ndes patrimoines locaux, des foyers<br \/>\nde cr\u00e9ation contemporaine, des artistes,<br \/>\ncollectionneurs et amateurs d\u2019art,<br \/>\nce sont des acteurs de la vie culturelle<\/p>\n<p>et artistique en r\u00e9gion.<\/div>La mondialisation n\u2019a pas aboutit \u00e0 un renforcement de la centralisation culturelle. En effet, dans la comp\u00e9tition que se livrent les territoires pour attirer les entreprises et les talents, disposer d\u2019une vie artistique et culturelle dynamique repr\u00e9sente un atout majeur. Comme l\u2019\u00e9crit Charles Landry, auteur d\u2019un r\u00e9cent rapport sur le Grand Paris, <em>\u00ab\u00a0<\/em><em>La comp\u00e9tition mondiale entre villes \u00a0s\u2019in<\/em><em>tensifie et, dans ce contexte, la cultur<\/em><em>e est de plus en plus consid\u00e9r\u00e9e comme une ressource motrice. O<\/em><em>n la consid\u00e8re tout \u00e0 la fois comme la mesure de la profondeur et de la consistance d\u2019une ville, de sa cr\u00e9ativit\u00e9 et de sa capacit\u00e9 \u00e0 innover, qui sont le reflet de son pouvoir d\u2019influence <\/em>(6).\u00a0<em>\u00bb<\/em><br \/>\nOr cette strat\u00e9gie concerne aussi les m\u00e9tropoles r\u00e9gionales et les villes moyennes. A l\u2019instar de Bilbao, redynamis\u00e9e par le mus\u00e9e Guggenheim, Metz a obtenu l\u2019ouverture d\u2019une succursale du Centre Pompidou tandis que Lens attend celle du Louvre et que Marseille mise sur le futur Mus\u00e9e de civilisations pour l\u2019Europe et la M\u00e9diterran\u00e9e (MuCEM).<\/p>\n<p>Dans ce regain g\u00e9n\u00e9ral d\u2019int\u00e9r\u00eat des villes et des territoires, les commissaires-priseurs ont un r\u00f4le majeur \u00e0 jouer. En effet, pr\u00e9sents dans l\u2019ensemble des d\u00e9partements, ils assurent un maillage artistique sans \u00e9quivalent des territoires. Gr\u00e2ce \u00e0 leur connaissance sans \u00e9gal des patrimoines locaux, des foyers de cr\u00e9ation contemporaine, des artistes, collectionneurs et amateurs d\u2019art ce sont des acteurs de la vie culturelle et artistique en r\u00e9gion. Et ce r\u00f4le est appel\u00e9 \u00e0 se renforcer encore puisque, saisissant les possibilit\u00e9s offertes par la r\u00e9forme de la profession, de nombreuses salles de ventes m\u00e8nent maintenant des activit\u00e9s culturelles plus polyvalentes en accueillant des expositions, des conf\u00e9rences, des librairies sp\u00e9cialis\u00e9es, etc.<\/p>\n<h6>(1) <em>\u201c\u00c9valuer l\u2019art : le r\u00f4le des interm\u00e9diaires\u201d,<\/em> par Nathalie Moreau et Dominique Sagot-Duvauroux, in <em>Probl\u00e8mes \u00e9conomiques<\/em> n\u00b03043, La Documentation fran\u00e7aise, mai 2012. (2) <em>Le rythme de la vie. Variations sur l&#8217;imaginaire postmoderne, <\/em>par Michel Maffesoli, La\u00a0Table ronde, octobre 2004, 220 p. (3) \u201c<em>Du monde postmoderne \u00e0 l\u2019entreprise postmoderne\u201d<\/em>, par Michel Maffesoli, in <em>Repenser l\u2019entreprise &#8211; Saisir ce qui commence, vingt regards sur une id\u00e9e neuve<\/em>, sous la direction de Jacques Chaize et F\u00e9lix Torres, \u00c9ditions Le Cherche Midi, f\u00e9vrier 2008, 344 p. (4)<em> \u201cTout ce qu&#8217;il faut savoir sur le vintage\u201d,<\/em> par Pierre L\u00e9onfort\u00e9, in <em>L&#8217;Express,<\/em> 21\/02\/2005. (5) Cit\u00e9 in <em>La Croix<\/em>, 16\/11\/11. (6) <em>\u00c9tude sur le positionnement culturel du Grand Paris, <\/em>r\u00e9dig\u00e9e par Charles Landry pour la Mission d\u2019\u00e9tude sur la dimension culturelle du Grand Paris, juin 2010.<\/h6>\n","protected":false},"excerpt":{"rendered":"<p>Six tendances sociales favorisant<br \/>\n l\u2019essor des maisons de ventes volontaires<br \/>\nLes ventes aux ench\u00e8res apportent des r\u00e9ponses convaincantes \u00e0 de nombreuses aspirations sociales embl\u00e9matiques de la post-modernit\u00e9.<br \/>\n&nbsp;<\/p>\n<p>1. Le besoin de confiance<br \/>\nNos soci\u00e9t\u00e9s traversent une grave crise de confiance qui s\u2019est consid\u00e9rablement approfondie avec la crise \u00e9conomique actuelle. Les d\u00e9rives constat\u00e9es dans la sph\u00e8re financi\u00e8re ont en &nbsp;<a href=\"https:\/\/symev.org\/?page_id=359\" title=\"Un m\u00e9tier actuel\">Lire la suite &rarr;<\/a><\/p>\n","protected":false},"author":1,"featured_media":661,"parent":17,"menu_order":0,"comment_status":"open","ping_status":"open","template":"page-sanssidebar.php","meta":[],"_links":{"self":[{"href":"https:\/\/symev.org\/index.php?rest_route=\/wp\/v2\/pages\/359"}],"collection":[{"href":"https:\/\/symev.org\/index.php?rest_route=\/wp\/v2\/pages"}],"about":[{"href":"https:\/\/symev.org\/index.php?rest_route=\/wp\/v2\/types\/page"}],"author":[{"embeddable":true,"href":"https:\/\/symev.org\/index.php?rest_route=\/wp\/v2\/users\/1"}],"replies":[{"embeddable":true,"href":"https:\/\/symev.org\/index.php?rest_route=%2Fwp%2Fv2%2Fcomments&post=359"}],"version-history":[{"count":3,"href":"https:\/\/symev.org\/index.php?rest_route=\/wp\/v2\/pages\/359\/revisions"}],"predecessor-version":[{"id":3619,"href":"https:\/\/symev.org\/index.php?rest_route=\/wp\/v2\/pages\/359\/revisions\/3619"}],"up":[{"embeddable":true,"href":"https:\/\/symev.org\/index.php?rest_route=\/wp\/v2\/pages\/17"}],"wp:featuredmedia":[{"embeddable":true,"href":"https:\/\/symev.org\/index.php?rest_route=\/wp\/v2\/media\/661"}],"wp:attachment":[{"href":"https:\/\/symev.org\/index.php?rest_route=%2Fwp%2Fv2%2Fmedia&parent=359"}],"curies":[{"name":"wp","href":"https:\/\/api.w.org\/{rel}","templated":true}]}}