{"id":26,"date":"2012-09-04T15:24:11","date_gmt":"2012-09-04T14:24:11","guid":{"rendered":"http:\/\/localhost\/SYMEV\/?page_id=26"},"modified":"2018-10-08T15:44:02","modified_gmt":"2018-10-08T14:44:02","slug":"le-metier-vu-par-les-cp","status":"publish","type":"page","link":"https:\/\/symev.org\/?page_id=26","title":{"rendered":"Le m\u00e9tier vu par les CP"},"content":{"rendered":"<h1><span style=\"color: #000000;\">Le m\u00e9tier au quotidien ?<br \/>\nCe sont les commissaires-priseurs qui en parlent le mieux !<\/span><\/h1>\n<p><strong><a href=\"https:\/\/symev.org\/wp-content\/uploads\/2012\/09\/Me-Armengau2.jpg\"><img decoding=\"async\" class=\"wp-image-993 alignleft\" src=\"https:\/\/symev.org\/wp-content\/uploads\/2012\/09\/Me-Armengau2-172x300.jpg\" alt=\"Me Armengau2\" width=\"120\" srcset=\"https:\/\/symev.org\/wp-content\/uploads\/2012\/09\/Me-Armengau2-172x300.jpg 172w, https:\/\/symev.org\/wp-content\/uploads\/2012\/09\/Me-Armengau2.jpg 336w\" sizes=\"(max-width: 172px) 100vw, 172px\" \/><\/a>Ils sont jeunes ou plus \u00e2g\u00e9s, dirigent des soci\u00e9t\u00e9s parisiennes ou exercent en province, sp\u00e9cialis\u00e9s ou g\u00e9n\u00e9ralistes\u2026 Mais, par del\u00e0 leurs parcours diversifi\u00e9s et leurs personnalit\u00e9s vari\u00e9es, tous nourrissent pour leur m\u00e9tier une v\u00e9ritable passion, source d&#8217;engagement et d&#8217;exigence au quotidien. Rencontre avec les hommes et les femmes qui incarnent aujourd&#8217;hui avec fid\u00e9lit\u00e9 une profession en pleine mutation.<\/strong><\/p>\n<p>\u201cLe m\u00e9tier de Commissaire-Priseur est un m\u00e9tier exigent et passionnant, qui requiert une grande disponibilit\u00e9 mais qui r\u00e9serve encore de belles surprises et de grandes satisfactions. En premier lieu le bonheur des rencontres, la chance de pouvoir \u00e9changer aussi bien avec un collectionneur de fa\u00efences de Moustiers\u00a0qu\u2019avec un chef de gare, avec une personnalit\u00e9 du monde du th\u00e9\u00e2tre ou bien\u00a0avec un \u00e9leveur de truffes dans le Ventoux. Ensuite c\u2019est le privil\u00e8ge de p\u00e9n\u00e9trer dans des lieux insolites et parfois \u00a0ferm\u00e9s au public; une\u00a0chapelle d\u00e9saffect\u00e9e, la salle de mariage d\u2019une mairie, un h\u00f4tel particulier class\u00e9 monument historique, un atelier de confiseur\u2026<br \/>\nEnfin c\u2019est\u00a0la qu\u00eate de l\u2019objet rare\u2026<br \/>\nL\u2019avenir de notre profession r\u00e9side \u00e0\u00a0mon sens dans la qualit\u00e9 du service rendu en privil\u00e9giant un travail sur mesure et un \u00a0service de proximit\u00e9 conjugu\u00e9s aux techniques de communication actuelles.\u201d<\/p>\n<p style=\"text-align: right;\"><strong>Me Patrick Armengau<\/strong>, H\u00f4tel des Ventes d&#8217;Avignon (Avignon)<br \/>\nContact : contact@avignon-encheres.com<\/p>\n<p><div class=\"separateur\" style=\"clear: both; float: none; display: block; \">&nbsp;<\/div><br \/>\n<a href=\"https:\/\/symev.org\/wp-content\/uploads\/2012\/09\/Me-Himbaut.jpg\"><img decoding=\"async\" class=\"alignleft wp-image-991\" src=\"https:\/\/symev.org\/wp-content\/uploads\/2012\/09\/Me-Himbaut-300x232.jpg\" alt=\"Me Himbaut\" width=\"176\" srcset=\"https:\/\/symev.org\/wp-content\/uploads\/2012\/09\/Me-Himbaut-300x232.jpg 300w, https:\/\/symev.org\/wp-content\/uploads\/2012\/09\/Me-Himbaut.jpg 909w\" sizes=\"(max-width: 300px) 100vw, 300px\" \/><\/a>\u201cNotre m\u00e9tier est par essence relationnel puisque nous mettons en contact des vendeurs et des acheteurs. C\u2019est ce qui me pla\u00eet par-dessus tout : cultiver des rapports humains privil\u00e9gi\u00e9s. Les gens nous confient des objets qui leur tiennent \u00e0 c\u0153ur parce qu\u2019ils ont une histoire. Je pense que notre m\u00e9tier ne repose pas seulement sur l\u2019expertise mais sur le respect et m\u00eame sur la capacit\u00e9 \u00e0 avoir une certaine empathie.<br \/>\nJ\u2019ai choisi d\u2019exercer en Province car je ne cherche pas la croissance \u00e0 tout prix. Je crois \u00e0 l&#8217;avenir des maisons de vente de taille humaine capables de r\u00e9pondre au d\u00e9sir de proximit\u00e9 qui se d\u00e9veloppe au sein m\u00eame de la mondialisation.\u201d<\/p>\n<p style=\"text-align: right;\" align=\"right\"><strong>Me Sophie \u00a0Himbau<\/strong>t, SVV sh-encheres (Aix-en-Provence)<br \/>\nContact : s.himbaut@sh-encheres.fr<\/p>\n<p><div class=\"separateur\" style=\"clear: both; float: none; display: block; \">&nbsp;<\/div><br \/>\n<a href=\"https:\/\/symev.org\/wp-content\/uploads\/2012\/09\/Charlotte-Van-Gaver1.jpg\"><img decoding=\"async\" class=\"alignleft wp-image-1336\" src=\"https:\/\/symev.org\/wp-content\/uploads\/2012\/09\/Charlotte-Van-Gaver1-200x300.jpg\" alt=\"Charlotte-Van-Gaver\" width=\"120\" srcset=\"https:\/\/symev.org\/wp-content\/uploads\/2012\/09\/Charlotte-Van-Gaver1-200x300.jpg 200w, https:\/\/symev.org\/wp-content\/uploads\/2012\/09\/Charlotte-Van-Gaver1.jpg 512w\" sizes=\"(max-width: 200px) 100vw, 200px\" \/><\/a>\u201c\u00c2g\u00e9e de 33 ans, je suis n\u00e9e avec la r\u00e9forme de 2000. N\u00e9anmoins, je ne crois pas que ce m\u00e9tier ait fondamentalement chang\u00e9. Il a \u00e9volu\u00e9, c&#8217;\u00e9tait n\u00e9cessaire, et il \u00e9voluera encore. Toutefois, l&#8217;activit\u00e9 des ventes aux ench\u00e8res publiques &#8211; qui plus est volontaires &#8211; reste un m\u00e9tier de r\u00e9seaux, de contacts humains et de conseil. C&#8217;est donc un \u2018m\u00e9tier-passion\u2019 !<br \/>\nLes r\u00e9formes de 2000 et 2011 l&#8217;ont fait \u00e9volu\u00e9 avec notamment l\u2019ouverture \u00e0 la concurrence, mais ces r\u00e9formes correspondent \u00e0 l&#8217;\u00e9volution de nos soci\u00e9t\u00e9s et du march\u00e9 de l&#8217;art. Nous nous devons donc d&#8217;\u00eatre plus offensifs sur le plan concurrentiel, d\u00e9velopper nos r\u00e9seaux en amont en direction des vendeurs mais \u00e9galement en aval vers les acheteurs, et adapter nos \u2018techniques de vente\u2019.<br \/>\nInternet a ind\u00e9niablement chang\u00e9 la donne : les clients potentiels ont acc\u00e8s \u00e0 une grande quantit\u00e9 information et sont donc plus exigeants. Il faut d&#8217;autant mieux savoir r\u00e9pondre \u00e0 cette exigence que le march\u00e9 de l&#8217;art &#8211; \u00a0en France en tous cas &#8211; est aujourd&#8217;hui accessible \u00e0 des acteurs beaucoup plus nombreux. Il faut d\u00e8s lors adapter nos &#8216;strat\u00e9gies de communication\u2019, les d\u00e9poussi\u00e9rer. Le SYMEV y contribue fortement d&#8217;ailleurs! Je crois donc qu&#8217;il faut respecter certaines \u2018traditions\u2019, pour bien pr\u00e9parer l&#8217;avenir.\u201d<\/p>\n<p style=\"text-align: right;\"><strong>Me Charlotte Van Gaver<\/strong>, SVV Chayette &amp; Cheval (Paris)<br \/>\nContact : svv.chayettecheval@wanadoo.fr<\/p>\n<div class=\"separateur\" style=\"clear: both; float: none; display: block; \">&nbsp;<\/div>\n<a href=\"https:\/\/symev.org\/wp-content\/uploads\/2012\/09\/Me-POMEZ1.jpg\"><img decoding=\"async\" class=\"alignleft wp-image-1337\" src=\"https:\/\/symev.org\/wp-content\/uploads\/2012\/09\/Me-POMEZ1-235x300.jpg\" alt=\"Me-POMEZ\" width=\"120\" srcset=\"https:\/\/symev.org\/wp-content\/uploads\/2012\/09\/Me-POMEZ1-235x300.jpg 235w, https:\/\/symev.org\/wp-content\/uploads\/2012\/09\/Me-POMEZ1.jpg 433w\" sizes=\"(max-width: 235px) 100vw, 235px\" \/><\/a>\n<p>\u201c1982-2012 : trente ans de m\u00e9tier et une passion toujours intacte. Par quelle alchimie ? Commissaire-Priseur, c&#8217;est un m\u00e9tier de contact, de d\u00e9couvertes. Homme-orchestre, il est parfois confident des familles, il c\u00f4toie du plus humble au plus nanti, l&#8217;ignorant de ce qu&#8217;il poss\u00e8de au passionn\u00e9 aupr\u00e8s de qui il apprend tous les jours. Chaque jour, il part dans une sorte de chasse au tr\u00e9sor. D&#8217;un objet, il doit percer le secret : qui, quand, o\u00f9, pourquoi ? D&#8217;une entreprise, il doit comprendre le march\u00e9, l&#8217;environnement \u00e9conomique, l&#8217;outil de production.<br \/>\nEtre commissaire-Priseur, c&#8217;est exercer un m\u00e9tier en pleine mutation : juridique, avec les nouveaux cadres successifs des lois de 2000 et 2011 ; technologique avec l&#8217;arriv\u00e9e d&#8217;internet qui met le monde au bout de son marteau ; \u00e9conomique avec l&#8217;environnement que l&#8217;on connait, et les mutations du march\u00e9 mondial ; de mode avec le changement de go\u00fbt de la client\u00e8le. Oserais-je dire qu&#8217;on vit une \u00e9poque formidable qui oblige \u00e0 se remettre en question, \u00e0 \u00e9voluer, \u00e0 s&#8217;adapter, et qui pr\u00e9pare le m\u00e9tier \u00e0 l&#8217;avenir.\u201d<\/p>\n<p style=\"text-align: right;\"><strong>Me Thierry Pomez<\/strong>, SVV Boisseau Pomez (Troyes)<br \/>\nContact : boisseau.pomez@wanadoo.fr<\/p>\n<div class=\"separateur\" style=\"clear: both; float: none; display: block; \">&nbsp;<\/div>\n","protected":false},"excerpt":{"rendered":"<p>Le m\u00e9tier au quotidien ?<br \/>\nCe sont les commissaires-priseurs qui en parlent le mieux !<br \/>\nIls sont jeunes ou plus \u00e2g\u00e9s, dirigent des soci\u00e9t\u00e9s parisiennes ou exercent en province, sp\u00e9cialis\u00e9s ou g\u00e9n\u00e9ralistes\u2026 Mais, par del\u00e0 leurs parcours diversifi\u00e9s et leurs personnalit\u00e9s vari\u00e9es, tous nourrissent pour leur m\u00e9tier une v\u00e9ritable passion, source d&#8217;engagement et d&#8217;exigence au quotidien. Rencontre &nbsp;<a href=\"https:\/\/symev.org\/?page_id=26\" title=\"Le m\u00e9tier vu par les CP\">Lire la suite &rarr;<\/a><\/p>\n","protected":false},"author":1,"featured_media":478,"parent":17,"menu_order":0,"comment_status":"closed","ping_status":"open","template":"page-sanssidebar.php","meta":[],"_links":{"self":[{"href":"https:\/\/symev.org\/index.php?rest_route=\/wp\/v2\/pages\/26"}],"collection":[{"href":"https:\/\/symev.org\/index.php?rest_route=\/wp\/v2\/pages"}],"about":[{"href":"https:\/\/symev.org\/index.php?rest_route=\/wp\/v2\/types\/page"}],"author":[{"embeddable":true,"href":"https:\/\/symev.org\/index.php?rest_route=\/wp\/v2\/users\/1"}],"replies":[{"embeddable":true,"href":"https:\/\/symev.org\/index.php?rest_route=%2Fwp%2Fv2%2Fcomments&post=26"}],"version-history":[{"count":3,"href":"https:\/\/symev.org\/index.php?rest_route=\/wp\/v2\/pages\/26\/revisions"}],"predecessor-version":[{"id":3622,"href":"https:\/\/symev.org\/index.php?rest_route=\/wp\/v2\/pages\/26\/revisions\/3622"}],"up":[{"embeddable":true,"href":"https:\/\/symev.org\/index.php?rest_route=\/wp\/v2\/pages\/17"}],"wp:featuredmedia":[{"embeddable":true,"href":"https:\/\/symev.org\/index.php?rest_route=\/wp\/v2\/media\/478"}],"wp:attachment":[{"href":"https:\/\/symev.org\/index.php?rest_route=%2Fwp%2Fv2%2Fmedia&parent=26"}],"curies":[{"name":"wp","href":"https:\/\/api.w.org\/{rel}","templated":true}]}}