{"id":15,"date":"2012-09-04T15:23:16","date_gmt":"2012-09-04T14:23:16","guid":{"rendered":"http:\/\/localhost\/SYMEV\/?page_id=15"},"modified":"2018-10-08T16:14:25","modified_gmt":"2018-10-08T15:14:25","slug":"services","status":"publish","type":"page","link":"https:\/\/symev.org\/?page_id=15","title":{"rendered":"Services"},"content":{"rendered":"<h1><a href=\"https:\/\/symev.org\/wp-content\/uploads\/2012\/09\/Le-Siege-parisien-du-Symev1.jpg\"><img decoding=\"async\" class=\"alignright wp-image-1319\" src=\"https:\/\/symev.org\/wp-content\/uploads\/2012\/09\/Le-Siege-parisien-du-Symev1.jpg\" alt=\"Le-Siege-parisien-du-Symev\" width=\"234\" srcset=\"https:\/\/symev.org\/wp-content\/uploads\/2012\/09\/Le-Siege-parisien-du-Symev1.jpg 325w, https:\/\/symev.org\/wp-content\/uploads\/2012\/09\/Le-Siege-parisien-du-Symev1-166x300.jpg 166w\" sizes=\"(max-width: 325px) 100vw, 325px\" \/><\/a><span style=\"color: #000000;\">Les services\u00a0<\/span><span style=\"color: #000000;\">et prestations du Symev\u00a0<\/span><span style=\"color: #000000;\"> au profit de ses membres<\/span><\/h1>\n<p><strong>Au-del\u00e0 de sa fonction de repr\u00e9sentation et de promotion de la profession de commissaire dans son ensemble, le Symev <\/strong><strong>offre \u00e0 ses membres toute une s\u00e9rie de services et de prestations sp\u00e9cifiques\u00a0:<\/strong><\/p>\n<h6><\/h6>\n<ul>\n<li>La constitution \u2013 en liaison avec la CNIL &#8211; d\u2019une liste de mauvais payeurs r\u00e9guli\u00e8rement mise \u00e0 jour, de fa\u00e7on \u00e0 \u00e9carter le risque de \u00ab\u00a0folle ench\u00e8re\u00a0\u00bb.<\/li>\n<\/ul>\n<h6><\/h6>\n<ul>\n<li style=\"text-align: left;\">Une assistance juridique gratuite en cas de convocation par le Commissaire du Gouvernement aupr\u00e8s du Conseil des ventes volontaires (CVV).<\/li>\n<\/ul>\n<h6><\/h6>\n<ul>\n<li style=\"text-align: left;\">Une assurance sp\u00e9cifique pour les actes relevant non de leur activit\u00e9 de commissaire-priseur mais de leur fonction de dirigeant d\u2019entreprise.<\/li>\n<\/ul>\n<h6><\/h6>\n<ul>\n<li style=\"text-align: left;\">Des alertes sur les \u00e9volutions juridiques, \u00e9conomiques, fiscales ou technologiques qui impactent notre m\u00e9tier.<\/li>\n<\/ul>\n<h6><\/h6>\n<ul>\n<li style=\"text-align: left;\">La mise \u00e0 disposition gratuite d\u2019un bureau au si\u00e8ge parisien du Symev pour recevoir clients, experts et partenaires. Situ\u00e9 \u00e0 deux pas du Palais de Tokyo, ce si\u00e8ge du syndicat remplit ainsi le r\u00f4le d\u2019un v\u00e9ritable centre d\u2019affaires.<\/li>\n<\/ul>\n<h6><\/h6>\n<ul>\n<li style=\"text-align: left;\">L\u2019acc\u00e8s \u00e0 des formations sp\u00e9cialis\u00e9es (anglais professionnel, nouvelles technologies, etc.) en b\u00e9n\u00e9ficiant de tarifs r\u00e9duits n\u00e9goci\u00e9s par le syndicat.<\/li>\n<\/ul>\n<div class=\"exergue exergue-droite\" style=\"width: 280px; \">Le Symev offre \u00e0 ses membres<br \/>\nune assistance juridique<br \/>\ngratuite en cas de convocation<br \/>\npar le Commissaire du Gouvernement<br \/>\naupr\u00e8s du Conseil des ventes volontaires<\/div>\n<ul>\n<li style=\"text-align: left;\">Un \u00e9change r\u00e9gulier d\u2019id\u00e9es, d\u2019informations, d\u2019exp\u00e9riences et de bonnes pratiques via des rencontres et un intranet d\u00e9di\u00e9.<\/li>\n<\/ul>\n<h6><\/h6>\n<ul>\n<li style=\"text-align: left;\">L\u2019acc\u00e8s \u00e0 un r\u00e9seau unique d\u2019expertise capable de r\u00e9pondre dans les meilleurs d\u00e9lais aux questions et aux probl\u00e8mes concrets rencontr\u00e9s dans l\u2019exercice de notre profession.<\/li>\n<\/ul>\n<h6><\/h6>\n<ul>\n<li style=\"text-align: left;\">La pr\u00e9sentation d\u2019un panorama \u00e9conomique de la profession comprenant des ratios &#8211; diff\u00e9renci\u00e9s selon la taille des \u00e9tudes \u2013 permettant \u00e0 chacun d\u2019\u00e9vlauer ses diff\u00e9rents postes de d\u00e9penses (fonctionnement, investissements, etc.)<\/li>\n<\/ul>\n","protected":false},"excerpt":{"rendered":"<p>Les services\u00a0et prestations du Symev\u00a0 au profit de ses membres<br \/>\nAu-del\u00e0 de sa fonction de repr\u00e9sentation et de promotion de la profession de commissaire dans son ensemble, le Symev offre \u00e0 ses membres toute une s\u00e9rie de services et de prestations sp\u00e9cifiques\u00a0:<\/p>\n<p>La constitution \u2013 en liaison avec la CNIL &#8211; d\u2019une liste de mauvais payeurs r\u00e9guli\u00e8rement &nbsp;<a href=\"https:\/\/symev.org\/?page_id=15\" title=\"Services\">Lire la suite &rarr;<\/a><\/p>\n","protected":false},"author":1,"featured_media":1108,"parent":7,"menu_order":0,"comment_status":"closed","ping_status":"open","template":"page-sanssidebar.php","meta":[],"_links":{"self":[{"href":"https:\/\/symev.org\/index.php?rest_route=\/wp\/v2\/pages\/15"}],"collection":[{"href":"https:\/\/symev.org\/index.php?rest_route=\/wp\/v2\/pages"}],"about":[{"href":"https:\/\/symev.org\/index.php?rest_route=\/wp\/v2\/types\/page"}],"author":[{"embeddable":true,"href":"https:\/\/symev.org\/index.php?rest_route=\/wp\/v2\/users\/1"}],"replies":[{"embeddable":true,"href":"https:\/\/symev.org\/index.php?rest_route=%2Fwp%2Fv2%2Fcomments&post=15"}],"version-history":[{"count":3,"href":"https:\/\/symev.org\/index.php?rest_route=\/wp\/v2\/pages\/15\/revisions"}],"predecessor-version":[{"id":3634,"href":"https:\/\/symev.org\/index.php?rest_route=\/wp\/v2\/pages\/15\/revisions\/3634"}],"up":[{"embeddable":true,"href":"https:\/\/symev.org\/index.php?rest_route=\/wp\/v2\/pages\/7"}],"wp:featuredmedia":[{"embeddable":true,"href":"https:\/\/symev.org\/index.php?rest_route=\/wp\/v2\/media\/1108"}],"wp:attachment":[{"href":"https:\/\/symev.org\/index.php?rest_route=%2Fwp%2Fv2%2Fmedia&parent=15"}],"curies":[{"name":"wp","href":"https:\/\/api.w.org\/{rel}","templated":true}]}}