{"id":11,"date":"2012-09-04T15:22:58","date_gmt":"2012-09-04T14:22:58","guid":{"rendered":"http:\/\/localhost\/SYMEV\/?page_id=11"},"modified":"2024-11-26T13:01:05","modified_gmt":"2024-11-26T12:01:05","slug":"organisation","status":"publish","type":"page","link":"https:\/\/symev.org\/?page_id=11","title":{"rendered":"Organisation"},"content":{"rendered":"<h1><span style=\"color: #000000;\">Une \u00e9quipe diversifi\u00e9e et repr\u00e9sentative<\/span> <span style=\"color: #000000;\"> au service des maisons de ventes volontaires<\/span><\/h1>\n<p>Les instances dirigeantes du Symev veillent \u00e0 \u00eatre repr\u00e9sentative de notre profession dans toute sa diversit\u00e9. Ses membres sont issus de toutes les r\u00e9gions de France et appartiennent \u00e0 des structures de toutes tailles. Ce sont des professionnels d\u00e9termin\u00e9s et motiv\u00e9s. Charg\u00e9s de missions bien d\u00e9finies et d\u2019objectifs pr\u00e9cis, ils sont au service de toute la profession. N\u2019h\u00e9sitez pas \u00e0 les contacter ! Ils se feront un plaisir et un devoir de r\u00e9pondre \u00e0 vos demandes dans les meilleurs d\u00e9lais.<\/p>\n<div class=\"clear\"><\/div>\n<h3>Les membres du bureau ex\u00e9cutif du Symev\u00a0:<\/h3>\n<p>Les membres du Bureau ex\u00e9cutif sont \u00e9lus par le Conseil d\u2019administration. Ce Bureau se r\u00e9unit chaque mois pour d\u00e9finir les orientations et la politique g\u00e9n\u00e9rale du Symev qu\u2019il soumet au Conseil d\u2019administration. Il assure la gestion courante du Syndicat.<\/p>\n<div class=\"Equipe col-md-3\">\n<img decoding=\"async\" loading=\"lazy\" class=\"alignleft wp-image-3521 size-full\" src=\"https:\/\/symev.org\/wp-content\/uploads\/2018\/10\/jean_pierre_osenat.jpg\" alt=\"\" width=\"300\" height=\"300\" \/>\n<div class=\"clear\"><\/div>\n<h3>Pr\u00e9sident :<\/h3>\n<p><strong>Jean-Pierre OSENAT<\/strong><br \/>\nOsenat, Fontainebleau<\/p>\n<\/div>\n<div class=\"Equipe col-md-3\">\n<a href=\"https:\/\/symev.org\/wp-content\/uploads\/2024\/11\/DAvid-Kahn-1.png\"><img decoding=\"async\" loading=\"lazy\" class=\"alignnone size-full wp-image-12085\" src=\"https:\/\/symev.org\/wp-content\/uploads\/2024\/11\/DAvid-Kahn-1.png\" alt=\"\" width=\"700\" height=\"700\" srcset=\"https:\/\/symev.org\/wp-content\/uploads\/2024\/11\/DAvid-Kahn-1.png 700w, https:\/\/symev.org\/wp-content\/uploads\/2024\/11\/DAvid-Kahn-1-300x300.png 300w, https:\/\/symev.org\/wp-content\/uploads\/2024\/11\/DAvid-Kahn-1-150x150.png 150w\" sizes=\"(max-width: 700px) 100vw, 700px\" \/><\/a>\n<h3>Vice-pr\u00e9sident :<\/h3>\n<p style=\"text-align: left;\"><strong>David KAHN<\/strong><br \/>\nKahn &amp; Associ\u00e9s, Paris<\/p>\n<\/div>\n<div class=\"Equipe col-md-3\">\n<a href=\"https:\/\/symev.org\/wp-content\/uploads\/2024\/10\/Ludovic-Morand-1.jpg\"><img decoding=\"async\" loading=\"lazy\" class=\"alignnone size-full wp-image-11828\" src=\"https:\/\/symev.org\/wp-content\/uploads\/2024\/10\/Ludovic-Morand-1.jpg\" alt=\"\" width=\"1261\" height=\"1252\" srcset=\"https:\/\/symev.org\/wp-content\/uploads\/2024\/10\/Ludovic-Morand-1.jpg 1261w, https:\/\/symev.org\/wp-content\/uploads\/2024\/10\/Ludovic-Morand-1-300x298.jpg 300w, https:\/\/symev.org\/wp-content\/uploads\/2024\/10\/Ludovic-Morand-1-1024x1017.jpg 1024w, https:\/\/symev.org\/wp-content\/uploads\/2024\/10\/Ludovic-Morand-1-150x150.jpg 150w, https:\/\/symev.org\/wp-content\/uploads\/2024\/10\/Ludovic-Morand-1-768x763.jpg 768w\" sizes=\"(max-width: 1261px) 100vw, 1261px\" \/><\/a>\n<div class=\"clear\"><\/div>\n<h3>Vice-pr\u00e9sident :<\/h3>\n<p style=\"text-align: left;\"><strong>Ludovic MORAND,<\/strong><br \/>\nMorand &amp; Morand, Paris<\/p>\n<\/div>\n<div class=\"Equipe col-md-3\">\n<img decoding=\"async\" loading=\"lazy\" class=\"alignleft wp-image-3518 size-full\" src=\"https:\/\/symev.org\/wp-content\/uploads\/2018\/10\/eric_pillon.jpg\" alt=\"\" width=\"300\" height=\"300\" \/>\n<div class=\"clear\"><\/div>\n<h3>Tr\u00e9sorier :<\/h3>\n<p><strong>Eric PILLON,<\/strong><br \/>\nEric Pillon Ench\u00e8res, Versailles<\/p>\n<\/div>\n<div class=\"Equipe col-md-3\">\n<a href=\"https:\/\/symev.org\/wp-content\/uploads\/2018\/10\/Patrick-ARMENGAU.jpg\"><img decoding=\"async\" loading=\"lazy\" class=\"alignnone wp-image-3600 size-full\" src=\"https:\/\/symev.org\/wp-content\/uploads\/2018\/10\/Patrick-ARMENGAU.jpg\" alt=\"\" width=\"300\" height=\"300\" srcset=\"https:\/\/symev.org\/wp-content\/uploads\/2018\/10\/Patrick-ARMENGAU.jpg 300w, https:\/\/symev.org\/wp-content\/uploads\/2018\/10\/Patrick-ARMENGAU-150x150.jpg 150w\" sizes=\"(max-width: 300px) 100vw, 300px\" \/><\/a>\n<div class=\"clear\"><\/div>\n<p style=\"text-align: left;\"><strong>Patrick ARMENGAU<\/strong><br \/>\nH\u00f4tel des ventes d&#8217;Avignon, Avignon<\/p>\n<\/div>\n<div class=\"Equipe col-md-3\">\n<a href=\"https:\/\/symev.org\/wp-content\/uploads\/2024\/11\/Camille-de-Foresta.webp\"><img decoding=\"async\" loading=\"lazy\" class=\"alignnone size-full wp-image-12110\" src=\"https:\/\/symev.org\/wp-content\/uploads\/2024\/11\/Camille-de-Foresta.webp\" alt=\"\" width=\"199\" height=\"200\" srcset=\"https:\/\/symev.org\/wp-content\/uploads\/2024\/11\/Camille-de-Foresta.webp 199w, https:\/\/symev.org\/wp-content\/uploads\/2024\/11\/Camille-de-Foresta-150x150.webp 150w\" sizes=\"(max-width: 199px) 100vw, 199px\" \/><\/a>\n<div class=\"clear\"><\/div>\n<p><strong>Camille DE FORESTA<\/strong><br \/>\nChristie&#8217;s, Paris<\/p>\n<\/div>\n<div class=\"Equipe col-md-3\">\n<a href=\"https:\/\/symev.org\/wp-content\/uploads\/2024\/11\/Marie-Anne-Ginoux.png\"><img decoding=\"async\" loading=\"lazy\" class=\"alignnone size-full wp-image-12097\" src=\"https:\/\/symev.org\/wp-content\/uploads\/2024\/11\/Marie-Anne-Ginoux.png\" alt=\"\" width=\"352\" height=\"352\" srcset=\"https:\/\/symev.org\/wp-content\/uploads\/2024\/11\/Marie-Anne-Ginoux.png 352w, https:\/\/symev.org\/wp-content\/uploads\/2024\/11\/Marie-Anne-Ginoux-300x300.png 300w, https:\/\/symev.org\/wp-content\/uploads\/2024\/11\/Marie-Anne-Ginoux-150x150.png 150w\" sizes=\"(max-width: 352px) 100vw, 352px\" \/><\/a>\n<div class=\"clear\"><\/div>\n<p style=\"text-align: left;\"><strong>Marie-Anne GINOUX<\/strong><br \/>\nSotheby&#8217;s, Paris<\/p>\n<\/div>\n<div class=\"Equipe col-md-3\">\n<a href=\"https:\/\/symev.org\/wp-content\/uploads\/2024\/11\/Carole-Jezequel.png\"><img decoding=\"async\" loading=\"lazy\" class=\"alignnone size-full wp-image-12099\" src=\"https:\/\/symev.org\/wp-content\/uploads\/2024\/11\/Carole-Jezequel.png\" alt=\"\" width=\"510\" height=\"510\" srcset=\"https:\/\/symev.org\/wp-content\/uploads\/2024\/11\/Carole-Jezequel.png 510w, https:\/\/symev.org\/wp-content\/uploads\/2024\/11\/Carole-Jezequel-300x300.png 300w, https:\/\/symev.org\/wp-content\/uploads\/2024\/11\/Carole-Jezequel-150x150.png 150w\" sizes=\"(max-width: 510px) 100vw, 510px\" \/><\/a>\n<div class=\"clear\"><\/div>\n<p><strong>Carole JEZEQUEL<\/strong><br \/>\nRennes Ench\u00e8res, Rennes<\/p>\n<\/div>\n<div class=\"Equipe col-md-3\">\n<a href=\"https:\/\/symev.org\/wp-content\/uploads\/2024\/11\/Nathalie-Mangeot.jpg\"><img decoding=\"async\" loading=\"lazy\" class=\"alignnone size-full wp-image-12112\" src=\"https:\/\/symev.org\/wp-content\/uploads\/2024\/11\/Nathalie-Mangeot.jpg\" alt=\"\" width=\"378\" height=\"378\" srcset=\"https:\/\/symev.org\/wp-content\/uploads\/2024\/11\/Nathalie-Mangeot.jpg 378w, https:\/\/symev.org\/wp-content\/uploads\/2024\/11\/Nathalie-Mangeot-300x300.jpg 300w, https:\/\/symev.org\/wp-content\/uploads\/2024\/11\/Nathalie-Mangeot-150x150.jpg 150w\" sizes=\"(max-width: 378px) 100vw, 378px\" \/><\/a>\n<div class=\"clear\"><\/div>\n<p><strong>Nathalie MANGEOT<\/strong><br \/>\nMillon, Paris<\/p>\n<\/div>\n<div class=\"Equipe col-md-3\">\n<a href=\"https:\/\/symev.org\/wp-content\/uploads\/2024\/11\/Marie-Mantrant.png\"><img decoding=\"async\" loading=\"lazy\" class=\"alignnone size-full wp-image-12117\" src=\"https:\/\/symev.org\/wp-content\/uploads\/2024\/11\/Marie-Mantrant.png\" alt=\"\" width=\"432\" height=\"432\" srcset=\"https:\/\/symev.org\/wp-content\/uploads\/2024\/11\/Marie-Mantrant.png 432w, https:\/\/symev.org\/wp-content\/uploads\/2024\/11\/Marie-Mantrant-300x300.png 300w, https:\/\/symev.org\/wp-content\/uploads\/2024\/11\/Marie-Mantrant-150x150.png 150w\" sizes=\"(max-width: 432px) 100vw, 432px\" \/><\/a>\n<div class=\"clear\"><\/div>\n<p><strong>Marie MANTRANT<\/strong><br \/>\nSalorges, Nantes<\/p>\n<\/div>\n<div class=\"Equipe col-md-3\">\n<a href=\"https:\/\/symev.org\/wp-content\/uploads\/2024\/11\/Fabien-Mirabaud.jpg\"><img decoding=\"async\" loading=\"lazy\" class=\"alignnone size-full wp-image-12103\" src=\"https:\/\/symev.org\/wp-content\/uploads\/2024\/11\/Fabien-Mirabaud.jpg\" alt=\"\" width=\"639\" height=\"639\" srcset=\"https:\/\/symev.org\/wp-content\/uploads\/2024\/11\/Fabien-Mirabaud.jpg 639w, https:\/\/symev.org\/wp-content\/uploads\/2024\/11\/Fabien-Mirabaud-300x300.jpg 300w, https:\/\/symev.org\/wp-content\/uploads\/2024\/11\/Fabien-Mirabaud-150x150.jpg 150w\" sizes=\"(max-width: 639px) 100vw, 639px\" \/><\/a>\n<div class=\"clear\"><\/div>\n<p><strong>Fabien MIRABAUD<\/strong><br \/>\nMirabaud-Mercier, Paris<\/p>\n<\/div>\n<div class=\"Equipe col-md-3\">\n<a href=\"https:\/\/symev.org\/wp-content\/uploads\/2024\/11\/VINCENT-PESTEL-DEBORD_011RBW.jpg\"><img decoding=\"async\" loading=\"lazy\" class=\"alignnone size-full wp-image-12131\" src=\"https:\/\/symev.org\/wp-content\/uploads\/2024\/11\/VINCENT-PESTEL-DEBORD_011RBW.jpg\" alt=\"\" width=\"800\" height=\"800\" srcset=\"https:\/\/symev.org\/wp-content\/uploads\/2024\/11\/VINCENT-PESTEL-DEBORD_011RBW.jpg 800w, https:\/\/symev.org\/wp-content\/uploads\/2024\/11\/VINCENT-PESTEL-DEBORD_011RBW-300x300.jpg 300w, https:\/\/symev.org\/wp-content\/uploads\/2024\/11\/VINCENT-PESTEL-DEBORD_011RBW-150x150.jpg 150w, https:\/\/symev.org\/wp-content\/uploads\/2024\/11\/VINCENT-PESTEL-DEBORD_011RBW-768x768.jpg 768w\" sizes=\"(max-width: 800px) 100vw, 800px\" \/><\/a>\n<div class=\"clear\"><\/div>\n<p><strong>Vincent PESTEL-DEBORD<\/strong><br \/>\nPestel-Debord, Paris<\/p>\n<\/div>\n<div class=\"Equipe col-md-3\">\n<a href=\"https:\/\/symev.org\/wp-content\/uploads\/2024\/11\/vincent_sarrou.jpg\"><img decoding=\"async\" loading=\"lazy\" class=\"alignnone size-full wp-image-12105\" src=\"https:\/\/symev.org\/wp-content\/uploads\/2024\/11\/vincent_sarrou.jpg\" alt=\"\" width=\"300\" height=\"300\" srcset=\"https:\/\/symev.org\/wp-content\/uploads\/2024\/11\/vincent_sarrou.jpg 300w, https:\/\/symev.org\/wp-content\/uploads\/2024\/11\/vincent_sarrou-150x150.jpg 150w\" sizes=\"(max-width: 300px) 100vw, 300px\" \/><\/a>\n<div class=\"clear\"><\/div>\n<p style=\"text-align: left;\"><strong>Vincent SARROU<\/strong><br \/>\nTessier-Sarrou &amp; Associ\u00e9s, Paris<\/p>\n<\/div>\n<div class=\"Equipe col-md-3\">\n<a href=\"https:\/\/symev.org\/wp-content\/uploads\/2024\/11\/Lea-Du-Sartel.png\"><img decoding=\"async\" loading=\"lazy\" class=\"alignnone size-full wp-image-12107\" src=\"https:\/\/symev.org\/wp-content\/uploads\/2024\/11\/Lea-Du-Sartel.png\" alt=\"\" width=\"720\" height=\"720\" srcset=\"https:\/\/symev.org\/wp-content\/uploads\/2024\/11\/Lea-Du-Sartel.png 720w, https:\/\/symev.org\/wp-content\/uploads\/2024\/11\/Lea-Du-Sartel-300x300.png 300w, https:\/\/symev.org\/wp-content\/uploads\/2024\/11\/Lea-Du-Sartel-150x150.png 150w\" sizes=\"(max-width: 720px) 100vw, 720px\" \/><\/a>\n<div class=\"clear\"><\/div>\n<p style=\"text-align: left;\"><strong>L\u00e9a DU SARTEL<\/strong><br \/>\nAguttes, Neuilly-sur-Seine<\/p>\n<p>&nbsp;<\/p>\n<p>&nbsp;<\/p>\n<\/div>\n<div class=\"clear\"><\/div>\n<h3>Les membres du Conseil d\u2019administration<\/h3>\n<p>Les membres du Conseil d\u2019administration sont \u00e9lus par les adh\u00e9rents du Symev. Ils \u00e9lisent les membres du Bureau ex\u00e9cutif et valident les orientations propos\u00e9es par celui-ci.<\/p>\n<p>Ont ainsi \u00e9t\u00e9 \u00e9lus lors de l&#8217;Assembl\u00e9e g\u00e9n\u00e9rale du Symev le 20 novembre 2024 :<\/p>\n<p><strong>. ARMENGAU Patrick<\/strong> \u2013 HOTEL DES VENTES D\u2019AVIGNON, Avignon<\/p>\n<p><strong>.<\/strong> <strong>AUBERT St\u00e9phane<\/strong> \u2013 ARTCURIAL, Paris<\/p>\n<p><strong>. BERNARD Laurent<\/strong> \u2013 SVV LAURENT BERNARD, Dreux<\/p>\n<p><strong>. BISMAN Delphine<\/strong> \u2013 BISMAN, Rouen<\/p>\n<p><strong>. BOUVIER Val\u00e9rie<\/strong> \u2013 HDV DE COULOMMIERS, Coulommiers<\/p>\n<p><strong>.<\/strong> <strong>BRUNET Bernard<\/strong> \u2013 HONFLEUR ENCHERES SVV, Honfleur<\/p>\n<p><strong>.<\/strong> <strong>CORTOT Hugues<\/strong> \u2013 CORTOT ET ASSOCIES, Dijon<\/p>\n<p><strong>. DE COTTON Bertrand<\/strong> \u2013 DAGUERRE, Paris<\/p>\n<p>. <strong>DINELLI-GRAZIANI Maryl\u00e8ne<\/strong> \u2013 BONHAMS CORNETTE DE SAINT CYR, Paris<\/p>\n<p>. <strong>DUVILLARD J\u00e9r\u00f4me<\/strong> \u2013 QUAI DES ENCHERES, M\u00e2con<\/p>\n<p>. <strong>DE FORESTA Camille<\/strong> \u2013 CHRISTIE\u2019S, Paris<\/p>\n<p><strong>. FROGER Elodie<\/strong> \u2013 LAC PARIS, Evry-Courcouronnes<\/p>\n<p><strong>. GINOUX Marie-Anne<\/strong> \u2013 SOTHEBY\u2019S, Paris<\/p>\n<p><strong>. JEZEQUEL Carole<\/strong> \u2013 RENNES ENCHERES BRETAGNE, Rennes<\/p>\n<p><strong>. KAHN David<\/strong> \u2013 KAHN &amp; ASSOCIES, Paris<\/p>\n<p><strong>. LANNON Philippe<\/strong> \u2013 THIERRY-LANNON &amp; ASSOCIES, Brest<\/p>\n<p><strong>. LAYAN Emmanuel<\/strong> \u2013 EMMANUEL LAYAN &amp; ASSOCIES, Bordeaux<\/p>\n<p><strong>. MANGEOT Nathalie<\/strong> \u2013 MILLON, Paris<\/p>\n<p><strong>. MANTRANT Marie<\/strong> \u2013 SALORGES ENCHERES, Nantes<\/p>\n<p><strong>. MIRABAUD Fabien<\/strong> \u2013 MIRABAUD MERCIER, Paris<\/p>\n<p><strong>. MORAND Ludovic<\/strong> \u2013 MORAND &amp; MORAND, Paris<\/p>\n<p><strong>. MULLER Thomas<\/strong> \u2013 CRAIT+MULLER, Paris<\/p>\n<p><strong>. OSENAT Jean-Pierre<\/strong> \u2013 OSENAT, Fontainebleau<\/p>\n<p><strong>. PESTEL-DEBORD Vincent<\/strong> \u2013 PESTEL-DEBORD, Paris<\/p>\n<p><strong>. PILLON \u00c9ric<\/strong> \u2013 EXPERTISES &amp; CONSEILS, Versailles<\/p>\n<p><strong>. PRUNIER Jean-Emmanuel<\/strong> \u2013 SVV PRUNIER, Louviers<\/p>\n<p><strong>. RENOIR Marie<\/strong> \u2013 TRIANON ENCHERES, Jouy-en-Josas<\/p>\n<p><strong>. ROBIN CHAMPIGNEUL Lo\u00efc<\/strong> \u2013 TAJAN, Paris<\/p>\n<p><strong>. SARROU Vincent<\/strong> \u2013 TESSIER-SARROU, Paris<\/p>\n<p><strong>. DU SARTEL L\u00e9a<\/strong> \u2013 AGUTTES, Neuilly-sur-Seine<\/p>\n<p><!-- \/wp:paragraph --><\/p>\n","protected":false},"excerpt":{"rendered":"<p>Une \u00e9quipe diversifi\u00e9e et repr\u00e9sentative  au service des maisons de ventes volontaires<br \/>\nLes instances dirigeantes du Symev veillent \u00e0 \u00eatre repr\u00e9sentative de notre profession dans toute sa diversit\u00e9. Ses membres sont issus de toutes les r\u00e9gions de France et appartiennent \u00e0 des structures de toutes tailles. Ce sont des professionnels d\u00e9termin\u00e9s et motiv\u00e9s. Charg\u00e9s de &nbsp;<a href=\"https:\/\/symev.org\/?page_id=11\" title=\"Organisation\">Lire la suite &rarr;<\/a><\/p>\n","protected":false},"author":1,"featured_media":340,"parent":7,"menu_order":0,"comment_status":"closed","ping_status":"open","template":"page-sanssidebar.php","meta":[],"_links":{"self":[{"href":"https:\/\/symev.org\/index.php?rest_route=\/wp\/v2\/pages\/11"}],"collection":[{"href":"https:\/\/symev.org\/index.php?rest_route=\/wp\/v2\/pages"}],"about":[{"href":"https:\/\/symev.org\/index.php?rest_route=\/wp\/v2\/types\/page"}],"author":[{"embeddable":true,"href":"https:\/\/symev.org\/index.php?rest_route=\/wp\/v2\/users\/1"}],"replies":[{"embeddable":true,"href":"https:\/\/symev.org\/index.php?rest_route=%2Fwp%2Fv2%2Fcomments&post=11"}],"version-history":[{"count":50,"href":"https:\/\/symev.org\/index.php?rest_route=\/wp\/v2\/pages\/11\/revisions"}],"predecessor-version":[{"id":12136,"href":"https:\/\/symev.org\/index.php?rest_route=\/wp\/v2\/pages\/11\/revisions\/12136"}],"up":[{"embeddable":true,"href":"https:\/\/symev.org\/index.php?rest_route=\/wp\/v2\/pages\/7"}],"wp:featuredmedia":[{"embeddable":true,"href":"https:\/\/symev.org\/index.php?rest_route=\/wp\/v2\/media\/340"}],"wp:attachment":[{"href":"https:\/\/symev.org\/index.php?rest_route=%2Fwp%2Fv2%2Fmedia&parent=11"}],"curies":[{"name":"wp","href":"https:\/\/api.w.org\/{rel}","templated":true}]}}